{"id":6942,"date":"2018-02-28T21:35:37","date_gmt":"2018-02-28T21:35:37","guid":{"rendered":"http:\/\/laplumedeloiseaulyre.com\/?page_id=6942"},"modified":"2018-02-28T21:35:37","modified_gmt":"2018-02-28T21:35:37","slug":"jasmin-jasminum-grandiflorum","status":"publish","type":"page","link":"http:\/\/laplumedeloiseaulyre.com\/?page_id=6942","title":{"rendered":"JASMIN  Jasminum grandiflorum"},"content":{"rendered":"<p>C\u2019\u00e9tait donc vous le premier et dernier visage<br \/>\nQu\u2019il me fut donn\u00e9 d\u2019aimer et de contempler\u00a0?<br \/>\nC\u2019\u00e9tait vous, Jasmin p\u00e8re et m\u00e8re des pr\u00e9sages<br \/>\n\u00c0 qui mon existence devait ressembler\u00a0?<\/p>\n","protected":false},"excerpt":{"rendered":"<p>C\u2019\u00e9tait donc vous le premier et dernier visage Qu\u2019il me fut donn\u00e9 d\u2019aimer et de contempler\u00a0? C\u2019\u00e9tait vous, Jasmin p\u00e8re et m\u00e8re des pr\u00e9sages \u00c0 qui mon existence devait ressembler\u00a0?<\/p>\n<p class=\"more-link-p\"><a class=\"more-link\" href=\"http:\/\/laplumedeloiseaulyre.com\/?page_id=6942\">Read more &rarr;<\/a><\/p>\n","protected":false},"author":1,"featured_media":0,"parent":0,"menu_order":0,"comment_status":"closed","ping_status":"closed","template":"","meta":{"spay_email":""},"jetpack_shortlink":"https:\/\/wp.me\/P4lzfC-1NY","_links":{"self":[{"href":"http:\/\/laplumedeloiseaulyre.com\/index.php?rest_route=\/wp\/v2\/pages\/6942"}],"collection":[{"href":"http:\/\/laplumedeloiseaulyre.com\/index.php?rest_route=\/wp\/v2\/pages"}],"about":[{"href":"http:\/\/laplumedeloiseaulyre.com\/index.php?rest_route=\/wp\/v2\/types\/page"}],"author":[{"embeddable":true,"href":"http:\/\/laplumedeloiseaulyre.com\/index.php?rest_route=\/wp\/v2\/users\/1"}],"replies":[{"embeddable":true,"href":"http:\/\/laplumedeloiseaulyre.com\/index.php?rest_route=%2Fwp%2Fv2%2Fcomments&post=6942"}],"version-history":[{"count":1,"href":"http:\/\/laplumedeloiseaulyre.com\/index.php?rest_route=\/wp\/v2\/pages\/6942\/revisions"}],"predecessor-version":[{"id":6943,"href":"http:\/\/laplumedeloiseaulyre.com\/index.php?rest_route=\/wp\/v2\/pages\/6942\/revisions\/6943"}],"wp:attachment":[{"href":"http:\/\/laplumedeloiseaulyre.com\/index.php?rest_route=%2Fwp%2Fv2%2Fmedia&parent=6942"}],"curies":[{"name":"wp","href":"https:\/\/api.w.org\/{rel}","templated":true}]}}