{"id":6937,"date":"2018-02-28T21:31:53","date_gmt":"2018-02-28T21:31:53","guid":{"rendered":"http:\/\/laplumedeloiseaulyre.com\/?page_id=6937"},"modified":"2022-02-25T00:54:36","modified_gmt":"2022-02-25T00:54:36","slug":"jacaranda-jacaranda-mimosifolia","status":"publish","type":"page","link":"http:\/\/laplumedeloiseaulyre.com\/?page_id=6937","title":{"rendered":"JACARANDA Jacaranda mimosifolia"},"content":{"rendered":"<p>Si seulement tout pr\u00e8s de moi vous \u00e9tiez<br \/>Tandis que Jacaranda flamboie d&rsquo;\u00e9t\u00e9,<br \/>Tandis que brasiers, n\u00e9ons et lampadaires<br \/>Allument joyeux leur Br\u00e9sil de lumi\u00e8res\u00a0!<\/p>\n\n\n<p><\/p>\n","protected":false},"excerpt":{"rendered":"<p>Si seulement tout pr\u00e8s de moi vous \u00e9tiezTandis que Jacaranda flamboie d&rsquo;\u00e9t\u00e9,Tandis que brasiers, n\u00e9ons et lampadairesAllument joyeux leur Br\u00e9sil de lumi\u00e8res\u00a0!<\/p>\n<p class=\"more-link-p\"><a class=\"more-link\" href=\"http:\/\/laplumedeloiseaulyre.com\/?page_id=6937\">Read more &rarr;<\/a><\/p>\n","protected":false},"author":1,"featured_media":0,"parent":0,"menu_order":0,"comment_status":"closed","ping_status":"closed","template":"","meta":{"spay_email":""},"jetpack_shortlink":"https:\/\/wp.me\/P4lzfC-1NT","_links":{"self":[{"href":"http:\/\/laplumedeloiseaulyre.com\/index.php?rest_route=\/wp\/v2\/pages\/6937"}],"collection":[{"href":"http:\/\/laplumedeloiseaulyre.com\/index.php?rest_route=\/wp\/v2\/pages"}],"about":[{"href":"http:\/\/laplumedeloiseaulyre.com\/index.php?rest_route=\/wp\/v2\/types\/page"}],"author":[{"embeddable":true,"href":"http:\/\/laplumedeloiseaulyre.com\/index.php?rest_route=\/wp\/v2\/users\/1"}],"replies":[{"embeddable":true,"href":"http:\/\/laplumedeloiseaulyre.com\/index.php?rest_route=%2Fwp%2Fv2%2Fcomments&post=6937"}],"version-history":[{"count":4,"href":"http:\/\/laplumedeloiseaulyre.com\/index.php?rest_route=\/wp\/v2\/pages\/6937\/revisions"}],"predecessor-version":[{"id":13681,"href":"http:\/\/laplumedeloiseaulyre.com\/index.php?rest_route=\/wp\/v2\/pages\/6937\/revisions\/13681"}],"wp:attachment":[{"href":"http:\/\/laplumedeloiseaulyre.com\/index.php?rest_route=%2Fwp%2Fv2%2Fmedia&parent=6937"}],"curies":[{"name":"wp","href":"https:\/\/api.w.org\/{rel}","templated":true}]}}