{"id":6927,"date":"2018-02-28T21:25:30","date_gmt":"2018-02-28T21:25:30","guid":{"rendered":"http:\/\/laplumedeloiseaulyre.com\/?page_id=6927"},"modified":"2021-06-27T14:39:22","modified_gmt":"2021-06-27T14:39:22","slug":"iresine-iresine-herbstii","status":"publish","type":"page","link":"http:\/\/laplumedeloiseaulyre.com\/?page_id=6927","title":{"rendered":"IR\u00c9SINE Iresine diffusa"},"content":{"rendered":"<p>Ainsi, c&rsquo;est \u00e0 vous qu&rsquo;il me faut l\u00e0 revenir<br \/>\nQuand la sinc\u00e9rit\u00e9 d&rsquo;Ir\u00e9sine d\u00e9truit,<br \/>\nQuand le bol\u00e9ro pourpre du deuil en soupirs<br \/>\nEmporte aux \u00c9lys\u00e9es les plus brillants esprits.<\/p>\n","protected":false},"excerpt":{"rendered":"<p>Ainsi, c&rsquo;est \u00e0 vous qu&rsquo;il me faut l\u00e0 revenir Quand la sinc\u00e9rit\u00e9 d&rsquo;Ir\u00e9sine d\u00e9truit, Quand le bol\u00e9ro pourpre du deuil en soupirs Emporte aux \u00c9lys\u00e9es les plus brillants esprits.<\/p>\n<p class=\"more-link-p\"><a class=\"more-link\" href=\"http:\/\/laplumedeloiseaulyre.com\/?page_id=6927\">Read more &rarr;<\/a><\/p>\n","protected":false},"author":1,"featured_media":0,"parent":0,"menu_order":0,"comment_status":"closed","ping_status":"closed","template":"","meta":{"spay_email":""},"jetpack_shortlink":"https:\/\/wp.me\/P4lzfC-1NJ","_links":{"self":[{"href":"http:\/\/laplumedeloiseaulyre.com\/index.php?rest_route=\/wp\/v2\/pages\/6927"}],"collection":[{"href":"http:\/\/laplumedeloiseaulyre.com\/index.php?rest_route=\/wp\/v2\/pages"}],"about":[{"href":"http:\/\/laplumedeloiseaulyre.com\/index.php?rest_route=\/wp\/v2\/types\/page"}],"author":[{"embeddable":true,"href":"http:\/\/laplumedeloiseaulyre.com\/index.php?rest_route=\/wp\/v2\/users\/1"}],"replies":[{"embeddable":true,"href":"http:\/\/laplumedeloiseaulyre.com\/index.php?rest_route=%2Fwp%2Fv2%2Fcomments&post=6927"}],"version-history":[{"count":2,"href":"http:\/\/laplumedeloiseaulyre.com\/index.php?rest_route=\/wp\/v2\/pages\/6927\/revisions"}],"predecessor-version":[{"id":12412,"href":"http:\/\/laplumedeloiseaulyre.com\/index.php?rest_route=\/wp\/v2\/pages\/6927\/revisions\/12412"}],"wp:attachment":[{"href":"http:\/\/laplumedeloiseaulyre.com\/index.php?rest_route=%2Fwp%2Fv2%2Fmedia&parent=6927"}],"curies":[{"name":"wp","href":"https:\/\/api.w.org\/{rel}","templated":true}]}}