{"id":6915,"date":"2018-02-28T21:13:30","date_gmt":"2018-02-28T21:13:30","guid":{"rendered":"http:\/\/laplumedeloiseaulyre.com\/?page_id=6915"},"modified":"2018-02-28T21:13:30","modified_gmt":"2018-02-28T21:13:30","slug":"iberis-iberis-sempervirens","status":"publish","type":"page","link":"http:\/\/laplumedeloiseaulyre.com\/?page_id=6915","title":{"rendered":"IBERIS Iberis sempervirens"},"content":{"rendered":"<p>Argent\u00e9 comme l\u2019ibis sacr\u00e9 qui d\u00e9choit<br \/>\nSans qu\u2019un espoir ultime ne le retienne,<br \/>\nSe peut-il que l\u2019Ib\u00e9ris \u00e9clos dans la joie<br \/>\nSe termine en corbeille encendr\u00e9e de peine\u00a0?<\/p>\n","protected":false},"excerpt":{"rendered":"<p>Argent\u00e9 comme l\u2019ibis sacr\u00e9 qui d\u00e9choit Sans qu\u2019un espoir ultime ne le retienne, Se peut-il que l\u2019Ib\u00e9ris \u00e9clos dans la joie Se termine en corbeille encendr\u00e9e de peine\u00a0?<\/p>\n<p class=\"more-link-p\"><a class=\"more-link\" href=\"http:\/\/laplumedeloiseaulyre.com\/?page_id=6915\">Read more &rarr;<\/a><\/p>\n","protected":false},"author":1,"featured_media":0,"parent":0,"menu_order":0,"comment_status":"closed","ping_status":"closed","template":"","meta":{"spay_email":""},"jetpack_shortlink":"https:\/\/wp.me\/P4lzfC-1Nx","_links":{"self":[{"href":"http:\/\/laplumedeloiseaulyre.com\/index.php?rest_route=\/wp\/v2\/pages\/6915"}],"collection":[{"href":"http:\/\/laplumedeloiseaulyre.com\/index.php?rest_route=\/wp\/v2\/pages"}],"about":[{"href":"http:\/\/laplumedeloiseaulyre.com\/index.php?rest_route=\/wp\/v2\/types\/page"}],"author":[{"embeddable":true,"href":"http:\/\/laplumedeloiseaulyre.com\/index.php?rest_route=\/wp\/v2\/users\/1"}],"replies":[{"embeddable":true,"href":"http:\/\/laplumedeloiseaulyre.com\/index.php?rest_route=%2Fwp%2Fv2%2Fcomments&post=6915"}],"version-history":[{"count":1,"href":"http:\/\/laplumedeloiseaulyre.com\/index.php?rest_route=\/wp\/v2\/pages\/6915\/revisions"}],"predecessor-version":[{"id":6916,"href":"http:\/\/laplumedeloiseaulyre.com\/index.php?rest_route=\/wp\/v2\/pages\/6915\/revisions\/6916"}],"wp:attachment":[{"href":"http:\/\/laplumedeloiseaulyre.com\/index.php?rest_route=%2Fwp%2Fv2%2Fmedia&parent=6915"}],"curies":[{"name":"wp","href":"https:\/\/api.w.org\/{rel}","templated":true}]}}