{"id":6910,"date":"2018-02-28T21:04:51","date_gmt":"2018-02-28T21:04:51","guid":{"rendered":"http:\/\/laplumedeloiseaulyre.com\/?page_id=6910"},"modified":"2022-02-25T00:53:50","modified_gmt":"2022-02-25T00:53:50","slug":"houx-ilex-aquifolium","status":"publish","type":"page","link":"http:\/\/laplumedeloiseaulyre.com\/?page_id=6910","title":{"rendered":"HOUX Ilex aquifolium"},"content":{"rendered":"<p>Sur notre fen\u00eatre on a d\u00e9pos\u00e9<br \/>\nCette nuit de d\u00e9cembre un peu de Houx,<br \/>\nLe berger dit qu\u2019un enfant nous est n\u00e9,<br \/>\nRassemble tes agneaux et levons-nous !<\/p>\n","protected":false},"excerpt":{"rendered":"<p>Sur notre fen\u00eatre on a d\u00e9pos\u00e9 Cette nuit de d\u00e9cembre un peu de Houx, Le berger dit qu\u2019un enfant nous est n\u00e9, Rassemble tes agneaux et levons-nous !<\/p>\n<p class=\"more-link-p\"><a class=\"more-link\" href=\"http:\/\/laplumedeloiseaulyre.com\/?page_id=6910\">Read more &rarr;<\/a><\/p>\n","protected":false},"author":1,"featured_media":0,"parent":0,"menu_order":0,"comment_status":"closed","ping_status":"closed","template":"","meta":{"spay_email":""},"jetpack_shortlink":"https:\/\/wp.me\/P4lzfC-1Ns","_links":{"self":[{"href":"http:\/\/laplumedeloiseaulyre.com\/index.php?rest_route=\/wp\/v2\/pages\/6910"}],"collection":[{"href":"http:\/\/laplumedeloiseaulyre.com\/index.php?rest_route=\/wp\/v2\/pages"}],"about":[{"href":"http:\/\/laplumedeloiseaulyre.com\/index.php?rest_route=\/wp\/v2\/types\/page"}],"author":[{"embeddable":true,"href":"http:\/\/laplumedeloiseaulyre.com\/index.php?rest_route=\/wp\/v2\/users\/1"}],"replies":[{"embeddable":true,"href":"http:\/\/laplumedeloiseaulyre.com\/index.php?rest_route=%2Fwp%2Fv2%2Fcomments&post=6910"}],"version-history":[{"count":2,"href":"http:\/\/laplumedeloiseaulyre.com\/index.php?rest_route=\/wp\/v2\/pages\/6910\/revisions"}],"predecessor-version":[{"id":13680,"href":"http:\/\/laplumedeloiseaulyre.com\/index.php?rest_route=\/wp\/v2\/pages\/6910\/revisions\/13680"}],"wp:attachment":[{"href":"http:\/\/laplumedeloiseaulyre.com\/index.php?rest_route=%2Fwp%2Fv2%2Fmedia&parent=6910"}],"curies":[{"name":"wp","href":"https:\/\/api.w.org\/{rel}","templated":true}]}}