{"id":6908,"date":"2018-02-28T21:04:04","date_gmt":"2018-02-28T21:04:04","guid":{"rendered":"http:\/\/laplumedeloiseaulyre.com\/?page_id=6908"},"modified":"2022-02-25T00:53:22","modified_gmt":"2022-02-25T00:53:22","slug":"houblon-humulus-lupulus","status":"publish","type":"page","link":"http:\/\/laplumedeloiseaulyre.com\/?page_id=6908","title":{"rendered":"HOUBLON  Humulus lupulus"},"content":{"rendered":"<p>Car nos l\u00e8vres comme lui furent faites<br \/>\nD\u2019un sucre amer de r\u00e9signation<br \/>\nPour c\u00e9l\u00e9brer Fructidor en f\u00eate<br \/>\nIl fallait que je me voue au Houblon.<\/p>\n","protected":false},"excerpt":{"rendered":"<p>Car nos l\u00e8vres comme lui furent faites D\u2019un sucre amer de r\u00e9signation Pour c\u00e9l\u00e9brer Fructidor en f\u00eate Il fallait que je me voue au Houblon.<\/p>\n<p class=\"more-link-p\"><a class=\"more-link\" href=\"http:\/\/laplumedeloiseaulyre.com\/?page_id=6908\">Read more &rarr;<\/a><\/p>\n","protected":false},"author":1,"featured_media":0,"parent":0,"menu_order":0,"comment_status":"closed","ping_status":"closed","template":"","meta":{"spay_email":""},"jetpack_shortlink":"https:\/\/wp.me\/P4lzfC-1Nq","_links":{"self":[{"href":"http:\/\/laplumedeloiseaulyre.com\/index.php?rest_route=\/wp\/v2\/pages\/6908"}],"collection":[{"href":"http:\/\/laplumedeloiseaulyre.com\/index.php?rest_route=\/wp\/v2\/pages"}],"about":[{"href":"http:\/\/laplumedeloiseaulyre.com\/index.php?rest_route=\/wp\/v2\/types\/page"}],"author":[{"embeddable":true,"href":"http:\/\/laplumedeloiseaulyre.com\/index.php?rest_route=\/wp\/v2\/users\/1"}],"replies":[{"embeddable":true,"href":"http:\/\/laplumedeloiseaulyre.com\/index.php?rest_route=%2Fwp%2Fv2%2Fcomments&post=6908"}],"version-history":[{"count":2,"href":"http:\/\/laplumedeloiseaulyre.com\/index.php?rest_route=\/wp\/v2\/pages\/6908\/revisions"}],"predecessor-version":[{"id":13679,"href":"http:\/\/laplumedeloiseaulyre.com\/index.php?rest_route=\/wp\/v2\/pages\/6908\/revisions\/13679"}],"wp:attachment":[{"href":"http:\/\/laplumedeloiseaulyre.com\/index.php?rest_route=%2Fwp%2Fv2%2Fmedia&parent=6908"}],"curies":[{"name":"wp","href":"https:\/\/api.w.org\/{rel}","templated":true}]}}