{"id":6895,"date":"2018-02-28T20:55:47","date_gmt":"2018-02-28T20:55:47","guid":{"rendered":"http:\/\/laplumedeloiseaulyre.com\/?page_id=6895"},"modified":"2021-04-30T22:26:34","modified_gmt":"2021-04-30T22:26:34","slug":"herbe-de-la-pampa-cortaderia-selloana","status":"publish","type":"page","link":"http:\/\/laplumedeloiseaulyre.com\/?page_id=6895","title":{"rendered":"HERBE DE LA PAMPA Cortaderia selloana"},"content":{"rendered":"<p>\u00c0 force de scruter les sottises humaines<br \/>\nLes Herbes de la Pampa termin\u00e8rent idiotes,<br \/>\nDes moutons de Panurge, fanions de roulottes,<br \/>\nImposture des parcs lou\u00e9s \u00e0 la semaine.<\/p>\n","protected":false},"excerpt":{"rendered":"<p>\u00c0 force de scruter les sottises humaines Les Herbes de la Pampa termin\u00e8rent idiotes, Des moutons de Panurge, fanions de roulottes, Imposture des parcs lou\u00e9s \u00e0 la semaine.<\/p>\n<p class=\"more-link-p\"><a class=\"more-link\" href=\"http:\/\/laplumedeloiseaulyre.com\/?page_id=6895\">Read more &rarr;<\/a><\/p>\n","protected":false},"author":1,"featured_media":0,"parent":0,"menu_order":0,"comment_status":"closed","ping_status":"closed","template":"","meta":{"spay_email":""},"jetpack_shortlink":"https:\/\/wp.me\/P4lzfC-1Nd","_links":{"self":[{"href":"http:\/\/laplumedeloiseaulyre.com\/index.php?rest_route=\/wp\/v2\/pages\/6895"}],"collection":[{"href":"http:\/\/laplumedeloiseaulyre.com\/index.php?rest_route=\/wp\/v2\/pages"}],"about":[{"href":"http:\/\/laplumedeloiseaulyre.com\/index.php?rest_route=\/wp\/v2\/types\/page"}],"author":[{"embeddable":true,"href":"http:\/\/laplumedeloiseaulyre.com\/index.php?rest_route=\/wp\/v2\/users\/1"}],"replies":[{"embeddable":true,"href":"http:\/\/laplumedeloiseaulyre.com\/index.php?rest_route=%2Fwp%2Fv2%2Fcomments&post=6895"}],"version-history":[{"count":2,"href":"http:\/\/laplumedeloiseaulyre.com\/index.php?rest_route=\/wp\/v2\/pages\/6895\/revisions"}],"predecessor-version":[{"id":12077,"href":"http:\/\/laplumedeloiseaulyre.com\/index.php?rest_route=\/wp\/v2\/pages\/6895\/revisions\/12077"}],"wp:attachment":[{"href":"http:\/\/laplumedeloiseaulyre.com\/index.php?rest_route=%2Fwp%2Fv2%2Fmedia&parent=6895"}],"curies":[{"name":"wp","href":"https:\/\/api.w.org\/{rel}","templated":true}]}}