{"id":6891,"date":"2018-02-28T20:53:26","date_gmt":"2018-02-28T20:53:26","guid":{"rendered":"http:\/\/laplumedeloiseaulyre.com\/?page_id=6891"},"modified":"2018-02-28T20:53:26","modified_gmt":"2018-02-28T20:53:26","slug":"herbes","status":"publish","type":"page","link":"http:\/\/laplumedeloiseaulyre.com\/?page_id=6891","title":{"rendered":"HERBES"},"content":{"rendered":"<p>J&rsquo;ai vu l&rsquo;\u00e9cureuil vif qui scintille,<br \/>\nJ&rsquo;ai vu les nobles Herbes de juillet<br \/>\nSaccag\u00e9es par jalouses faucilles,<br \/>\nHerbes fauch\u00e9es et s\u00e9ch\u00e9es \u00e0 jamais.<\/p>\n","protected":false},"excerpt":{"rendered":"<p>J&rsquo;ai vu l&rsquo;\u00e9cureuil vif qui scintille, J&rsquo;ai vu les nobles Herbes de juillet Saccag\u00e9es par jalouses faucilles, Herbes fauch\u00e9es et s\u00e9ch\u00e9es \u00e0 jamais.<\/p>\n<p class=\"more-link-p\"><a class=\"more-link\" href=\"http:\/\/laplumedeloiseaulyre.com\/?page_id=6891\">Read more &rarr;<\/a><\/p>\n","protected":false},"author":1,"featured_media":0,"parent":0,"menu_order":0,"comment_status":"closed","ping_status":"closed","template":"","meta":{"spay_email":""},"jetpack_shortlink":"https:\/\/wp.me\/P4lzfC-1N9","_links":{"self":[{"href":"http:\/\/laplumedeloiseaulyre.com\/index.php?rest_route=\/wp\/v2\/pages\/6891"}],"collection":[{"href":"http:\/\/laplumedeloiseaulyre.com\/index.php?rest_route=\/wp\/v2\/pages"}],"about":[{"href":"http:\/\/laplumedeloiseaulyre.com\/index.php?rest_route=\/wp\/v2\/types\/page"}],"author":[{"embeddable":true,"href":"http:\/\/laplumedeloiseaulyre.com\/index.php?rest_route=\/wp\/v2\/users\/1"}],"replies":[{"embeddable":true,"href":"http:\/\/laplumedeloiseaulyre.com\/index.php?rest_route=%2Fwp%2Fv2%2Fcomments&post=6891"}],"version-history":[{"count":1,"href":"http:\/\/laplumedeloiseaulyre.com\/index.php?rest_route=\/wp\/v2\/pages\/6891\/revisions"}],"predecessor-version":[{"id":6892,"href":"http:\/\/laplumedeloiseaulyre.com\/index.php?rest_route=\/wp\/v2\/pages\/6891\/revisions\/6892"}],"wp:attachment":[{"href":"http:\/\/laplumedeloiseaulyre.com\/index.php?rest_route=%2Fwp%2Fv2%2Fmedia&parent=6891"}],"curies":[{"name":"wp","href":"https:\/\/api.w.org\/{rel}","templated":true}]}}