{"id":6887,"date":"2018-02-28T20:50:58","date_gmt":"2018-02-28T20:50:58","guid":{"rendered":"http:\/\/laplumedeloiseaulyre.com\/?page_id=6887"},"modified":"2022-02-25T00:47:22","modified_gmt":"2022-02-25T00:47:22","slug":"henne-lawsonia-inermis","status":"publish","type":"page","link":"http:\/\/laplumedeloiseaulyre.com\/?page_id=6887","title":{"rendered":"HENN\u00c9 Lawsonia inermis"},"content":{"rendered":"<p>D\u2019une main arabesqu\u00e9e de Henn\u00e9<br \/>\nElle dessinait avec subtil art<br \/>\nUn trait de kh\u00f4l comme une lance noire<br \/>\nQuand le hammam brasillait de beaut\u00e9.<\/p>\n","protected":false},"excerpt":{"rendered":"<p>D\u2019une main arabesqu\u00e9e de Henn\u00e9 Elle dessinait avec subtil art Un trait de kh\u00f4l comme une lance noire Quand le hammam brasillait de beaut\u00e9.<\/p>\n<p class=\"more-link-p\"><a class=\"more-link\" href=\"http:\/\/laplumedeloiseaulyre.com\/?page_id=6887\">Read more &rarr;<\/a><\/p>\n","protected":false},"author":1,"featured_media":0,"parent":0,"menu_order":0,"comment_status":"closed","ping_status":"closed","template":"","meta":{"spay_email":""},"jetpack_shortlink":"https:\/\/wp.me\/P4lzfC-1N5","_links":{"self":[{"href":"http:\/\/laplumedeloiseaulyre.com\/index.php?rest_route=\/wp\/v2\/pages\/6887"}],"collection":[{"href":"http:\/\/laplumedeloiseaulyre.com\/index.php?rest_route=\/wp\/v2\/pages"}],"about":[{"href":"http:\/\/laplumedeloiseaulyre.com\/index.php?rest_route=\/wp\/v2\/types\/page"}],"author":[{"embeddable":true,"href":"http:\/\/laplumedeloiseaulyre.com\/index.php?rest_route=\/wp\/v2\/users\/1"}],"replies":[{"embeddable":true,"href":"http:\/\/laplumedeloiseaulyre.com\/index.php?rest_route=%2Fwp%2Fv2%2Fcomments&post=6887"}],"version-history":[{"count":4,"href":"http:\/\/laplumedeloiseaulyre.com\/index.php?rest_route=\/wp\/v2\/pages\/6887\/revisions"}],"predecessor-version":[{"id":13678,"href":"http:\/\/laplumedeloiseaulyre.com\/index.php?rest_route=\/wp\/v2\/pages\/6887\/revisions\/13678"}],"wp:attachment":[{"href":"http:\/\/laplumedeloiseaulyre.com\/index.php?rest_route=%2Fwp%2Fv2%2Fmedia&parent=6887"}],"curies":[{"name":"wp","href":"https:\/\/api.w.org\/{rel}","templated":true}]}}