{"id":6884,"date":"2018-02-28T20:21:17","date_gmt":"2018-02-28T20:21:17","guid":{"rendered":"http:\/\/laplumedeloiseaulyre.com\/?page_id=6884"},"modified":"2018-02-28T20:21:17","modified_gmt":"2018-02-28T20:21:17","slug":"hemerocalle-hemerocallis-fulva","status":"publish","type":"page","link":"http:\/\/laplumedeloiseaulyre.com\/?page_id=6884","title":{"rendered":"H\u00c9M\u00c9ROCALLE Hemerocallis fulva"},"content":{"rendered":"<p>Quand il faudra se lever t\u00f4t demain<br \/>\nPour m\u00e9diter sur l\u2019ostensoir d\u2019airain<br \/>\nJe ne sais gu\u00e8re si l&rsquo;H\u00e9m\u00e9rocalle<br \/>\nChantera le<em> Gloria <\/em>dans sa stalle.<\/p>\n","protected":false},"excerpt":{"rendered":"<p>Quand il faudra se lever t\u00f4t demain Pour m\u00e9diter sur l\u2019ostensoir d\u2019airain Je ne sais gu\u00e8re si l&rsquo;H\u00e9m\u00e9rocalle Chantera le Gloria dans sa stalle.<\/p>\n<p class=\"more-link-p\"><a class=\"more-link\" href=\"http:\/\/laplumedeloiseaulyre.com\/?page_id=6884\">Read more &rarr;<\/a><\/p>\n","protected":false},"author":1,"featured_media":0,"parent":0,"menu_order":0,"comment_status":"closed","ping_status":"closed","template":"","meta":{"spay_email":""},"jetpack_shortlink":"https:\/\/wp.me\/P4lzfC-1N2","_links":{"self":[{"href":"http:\/\/laplumedeloiseaulyre.com\/index.php?rest_route=\/wp\/v2\/pages\/6884"}],"collection":[{"href":"http:\/\/laplumedeloiseaulyre.com\/index.php?rest_route=\/wp\/v2\/pages"}],"about":[{"href":"http:\/\/laplumedeloiseaulyre.com\/index.php?rest_route=\/wp\/v2\/types\/page"}],"author":[{"embeddable":true,"href":"http:\/\/laplumedeloiseaulyre.com\/index.php?rest_route=\/wp\/v2\/users\/1"}],"replies":[{"embeddable":true,"href":"http:\/\/laplumedeloiseaulyre.com\/index.php?rest_route=%2Fwp%2Fv2%2Fcomments&post=6884"}],"version-history":[{"count":1,"href":"http:\/\/laplumedeloiseaulyre.com\/index.php?rest_route=\/wp\/v2\/pages\/6884\/revisions"}],"predecessor-version":[{"id":6885,"href":"http:\/\/laplumedeloiseaulyre.com\/index.php?rest_route=\/wp\/v2\/pages\/6884\/revisions\/6885"}],"wp:attachment":[{"href":"http:\/\/laplumedeloiseaulyre.com\/index.php?rest_route=%2Fwp%2Fv2%2Fmedia&parent=6884"}],"curies":[{"name":"wp","href":"https:\/\/api.w.org\/{rel}","templated":true}]}}