{"id":6880,"date":"2018-02-28T20:19:17","date_gmt":"2018-02-28T20:19:17","guid":{"rendered":"http:\/\/laplumedeloiseaulyre.com\/?page_id=6880"},"modified":"2018-02-28T20:19:17","modified_gmt":"2018-02-28T20:19:17","slug":"hellebore-helleborus-niger","status":"publish","type":"page","link":"http:\/\/laplumedeloiseaulyre.com\/?page_id=6880","title":{"rendered":"HELL\u00c9BORE Helleborus niger"},"content":{"rendered":"<p>Laissons Sieur Hiver dans sa fourrure<br \/>\nFaire advenir printemps de patience,<br \/>\n\u00c0 la lente Hell\u00e9bore il murmure<br \/>\nLes babils gel\u00e9s de sa naissance.<\/p>\n","protected":false},"excerpt":{"rendered":"<p>Laissons Sieur Hiver dans sa fourrure Faire advenir printemps de patience, \u00c0 la lente Hell\u00e9bore il murmure Les babils gel\u00e9s de sa naissance.<\/p>\n<p class=\"more-link-p\"><a class=\"more-link\" href=\"http:\/\/laplumedeloiseaulyre.com\/?page_id=6880\">Read more &rarr;<\/a><\/p>\n","protected":false},"author":1,"featured_media":0,"parent":0,"menu_order":0,"comment_status":"closed","ping_status":"closed","template":"","meta":{"spay_email":""},"jetpack_shortlink":"https:\/\/wp.me\/P4lzfC-1MY","_links":{"self":[{"href":"http:\/\/laplumedeloiseaulyre.com\/index.php?rest_route=\/wp\/v2\/pages\/6880"}],"collection":[{"href":"http:\/\/laplumedeloiseaulyre.com\/index.php?rest_route=\/wp\/v2\/pages"}],"about":[{"href":"http:\/\/laplumedeloiseaulyre.com\/index.php?rest_route=\/wp\/v2\/types\/page"}],"author":[{"embeddable":true,"href":"http:\/\/laplumedeloiseaulyre.com\/index.php?rest_route=\/wp\/v2\/users\/1"}],"replies":[{"embeddable":true,"href":"http:\/\/laplumedeloiseaulyre.com\/index.php?rest_route=%2Fwp%2Fv2%2Fcomments&post=6880"}],"version-history":[{"count":1,"href":"http:\/\/laplumedeloiseaulyre.com\/index.php?rest_route=\/wp\/v2\/pages\/6880\/revisions"}],"predecessor-version":[{"id":6881,"href":"http:\/\/laplumedeloiseaulyre.com\/index.php?rest_route=\/wp\/v2\/pages\/6880\/revisions\/6881"}],"wp:attachment":[{"href":"http:\/\/laplumedeloiseaulyre.com\/index.php?rest_route=%2Fwp%2Fv2%2Fmedia&parent=6880"}],"curies":[{"name":"wp","href":"https:\/\/api.w.org\/{rel}","templated":true}]}}