{"id":6870,"date":"2018-02-28T20:13:39","date_gmt":"2018-02-28T20:13:39","guid":{"rendered":"http:\/\/laplumedeloiseaulyre.com\/?page_id=6870"},"modified":"2018-02-28T20:13:39","modified_gmt":"2018-02-28T20:13:39","slug":"hamamelis-hamamelis-virginiana","status":"publish","type":"page","link":"http:\/\/laplumedeloiseaulyre.com\/?page_id=6870","title":{"rendered":"HAMAM\u00c9LIS Hamamelis virginiana"},"content":{"rendered":"<p>F\u00e9tiche de la Phytoth\u00e9rapie,<br \/>\nL\u2019Hamam\u00e9lis sent l\u2019\u00e9cologiste,<br \/>\nIl impose aux savons sa mise en plis<br \/>\nDe bel esth\u00e9ticien visagiste.<\/p>\n","protected":false},"excerpt":{"rendered":"<p>F\u00e9tiche de la Phytoth\u00e9rapie, L\u2019Hamam\u00e9lis sent l\u2019\u00e9cologiste, Il impose aux savons sa mise en plis De bel esth\u00e9ticien visagiste.<\/p>\n<p class=\"more-link-p\"><a class=\"more-link\" href=\"http:\/\/laplumedeloiseaulyre.com\/?page_id=6870\">Read more &rarr;<\/a><\/p>\n","protected":false},"author":1,"featured_media":0,"parent":0,"menu_order":0,"comment_status":"closed","ping_status":"closed","template":"","meta":{"spay_email":""},"jetpack_shortlink":"https:\/\/wp.me\/P4lzfC-1MO","_links":{"self":[{"href":"http:\/\/laplumedeloiseaulyre.com\/index.php?rest_route=\/wp\/v2\/pages\/6870"}],"collection":[{"href":"http:\/\/laplumedeloiseaulyre.com\/index.php?rest_route=\/wp\/v2\/pages"}],"about":[{"href":"http:\/\/laplumedeloiseaulyre.com\/index.php?rest_route=\/wp\/v2\/types\/page"}],"author":[{"embeddable":true,"href":"http:\/\/laplumedeloiseaulyre.com\/index.php?rest_route=\/wp\/v2\/users\/1"}],"replies":[{"embeddable":true,"href":"http:\/\/laplumedeloiseaulyre.com\/index.php?rest_route=%2Fwp%2Fv2%2Fcomments&post=6870"}],"version-history":[{"count":1,"href":"http:\/\/laplumedeloiseaulyre.com\/index.php?rest_route=\/wp\/v2\/pages\/6870\/revisions"}],"predecessor-version":[{"id":6871,"href":"http:\/\/laplumedeloiseaulyre.com\/index.php?rest_route=\/wp\/v2\/pages\/6870\/revisions\/6871"}],"wp:attachment":[{"href":"http:\/\/laplumedeloiseaulyre.com\/index.php?rest_route=%2Fwp%2Fv2%2Fmedia&parent=6870"}],"curies":[{"name":"wp","href":"https:\/\/api.w.org\/{rel}","templated":true}]}}