{"id":6868,"date":"2018-02-28T20:12:23","date_gmt":"2018-02-28T20:12:23","guid":{"rendered":"http:\/\/laplumedeloiseaulyre.com\/?page_id=6868"},"modified":"2021-04-30T14:05:43","modified_gmt":"2021-04-30T14:05:43","slug":"gypsophile-gypsophila-paniculata","status":"publish","type":"page","link":"http:\/\/laplumedeloiseaulyre.com\/?page_id=6868","title":{"rendered":"GYPSOPHILE Gypsophila paniculata"},"content":{"rendered":"<p>J\u2019ai v\u00e9cu les si\u00e8cles par\u00e9s d\u2019orgueil<br \/>Comme Gypsophile sied aux mari\u00e9es,<br \/>Mais la blancheur des dentelles s\u2019effeuille,<br \/>Les voiles opalins sont d\u00e9chir\u00e9s.<\/p>\n\n\n<p><\/p>\n","protected":false},"excerpt":{"rendered":"<p>J\u2019ai v\u00e9cu les si\u00e8cles par\u00e9s d\u2019orgueilComme Gypsophile sied aux mari\u00e9es,Mais la blancheur des dentelles s\u2019effeuille,Les voiles opalins sont d\u00e9chir\u00e9s.<\/p>\n<p class=\"more-link-p\"><a class=\"more-link\" href=\"http:\/\/laplumedeloiseaulyre.com\/?page_id=6868\">Read more &rarr;<\/a><\/p>\n","protected":false},"author":1,"featured_media":0,"parent":0,"menu_order":0,"comment_status":"closed","ping_status":"closed","template":"","meta":{"spay_email":""},"jetpack_shortlink":"https:\/\/wp.me\/P4lzfC-1MM","_links":{"self":[{"href":"http:\/\/laplumedeloiseaulyre.com\/index.php?rest_route=\/wp\/v2\/pages\/6868"}],"collection":[{"href":"http:\/\/laplumedeloiseaulyre.com\/index.php?rest_route=\/wp\/v2\/pages"}],"about":[{"href":"http:\/\/laplumedeloiseaulyre.com\/index.php?rest_route=\/wp\/v2\/types\/page"}],"author":[{"embeddable":true,"href":"http:\/\/laplumedeloiseaulyre.com\/index.php?rest_route=\/wp\/v2\/users\/1"}],"replies":[{"embeddable":true,"href":"http:\/\/laplumedeloiseaulyre.com\/index.php?rest_route=%2Fwp%2Fv2%2Fcomments&post=6868"}],"version-history":[{"count":2,"href":"http:\/\/laplumedeloiseaulyre.com\/index.php?rest_route=\/wp\/v2\/pages\/6868\/revisions"}],"predecessor-version":[{"id":12072,"href":"http:\/\/laplumedeloiseaulyre.com\/index.php?rest_route=\/wp\/v2\/pages\/6868\/revisions\/12072"}],"wp:attachment":[{"href":"http:\/\/laplumedeloiseaulyre.com\/index.php?rest_route=%2Fwp%2Fv2%2Fmedia&parent=6868"}],"curies":[{"name":"wp","href":"https:\/\/api.w.org\/{rel}","templated":true}]}}