{"id":6864,"date":"2018-02-28T20:10:05","date_gmt":"2018-02-28T20:10:05","guid":{"rendered":"http:\/\/laplumedeloiseaulyre.com\/?page_id=6864"},"modified":"2018-02-28T20:10:05","modified_gmt":"2018-02-28T20:10:05","slug":"gui-viscum-album","status":"publish","type":"page","link":"http:\/\/laplumedeloiseaulyre.com\/?page_id=6864","title":{"rendered":"GUI Viscum album"},"content":{"rendered":"<p>Puisque la nouvelle ann\u00e9e vient \u00e0 nous,<br \/>\nPuisque je dois v\u00eatir de Gui ma lyre,<br \/>\nIl m\u2019est bien impossible de te dire<br \/>\nQue je ne pense pas ce soir \u00e0 vous.<\/p>\n","protected":false},"excerpt":{"rendered":"<p>Puisque la nouvelle ann\u00e9e vient \u00e0 nous, Puisque je dois v\u00eatir de Gui ma lyre, Il m\u2019est bien impossible de te dire Que je ne pense pas ce soir \u00e0 vous.<\/p>\n<p class=\"more-link-p\"><a class=\"more-link\" href=\"http:\/\/laplumedeloiseaulyre.com\/?page_id=6864\">Read more &rarr;<\/a><\/p>\n","protected":false},"author":1,"featured_media":0,"parent":0,"menu_order":0,"comment_status":"closed","ping_status":"closed","template":"","meta":{"spay_email":""},"jetpack_shortlink":"https:\/\/wp.me\/P4lzfC-1MI","_links":{"self":[{"href":"http:\/\/laplumedeloiseaulyre.com\/index.php?rest_route=\/wp\/v2\/pages\/6864"}],"collection":[{"href":"http:\/\/laplumedeloiseaulyre.com\/index.php?rest_route=\/wp\/v2\/pages"}],"about":[{"href":"http:\/\/laplumedeloiseaulyre.com\/index.php?rest_route=\/wp\/v2\/types\/page"}],"author":[{"embeddable":true,"href":"http:\/\/laplumedeloiseaulyre.com\/index.php?rest_route=\/wp\/v2\/users\/1"}],"replies":[{"embeddable":true,"href":"http:\/\/laplumedeloiseaulyre.com\/index.php?rest_route=%2Fwp%2Fv2%2Fcomments&post=6864"}],"version-history":[{"count":1,"href":"http:\/\/laplumedeloiseaulyre.com\/index.php?rest_route=\/wp\/v2\/pages\/6864\/revisions"}],"predecessor-version":[{"id":6865,"href":"http:\/\/laplumedeloiseaulyre.com\/index.php?rest_route=\/wp\/v2\/pages\/6864\/revisions\/6865"}],"wp:attachment":[{"href":"http:\/\/laplumedeloiseaulyre.com\/index.php?rest_route=%2Fwp%2Fv2%2Fmedia&parent=6864"}],"curies":[{"name":"wp","href":"https:\/\/api.w.org\/{rel}","templated":true}]}}