{"id":6847,"date":"2018-02-28T19:44:35","date_gmt":"2018-02-28T19:44:35","guid":{"rendered":"http:\/\/laplumedeloiseaulyre.com\/?page_id=6847"},"modified":"2021-03-26T14:39:47","modified_gmt":"2021-03-26T14:39:47","slug":"gouet-arum-maculatum","status":"publish","type":"page","link":"http:\/\/laplumedeloiseaulyre.com\/?page_id=6847","title":{"rendered":"GOUET  Arum maculatum"},"content":{"rendered":"<p>Gouet, raisin de serpent, pied de veau p\u00e2le,<br \/>\nTu as autant de pr\u00e9noms que de baies,<br \/>\nM\u00eame les superstitieux s\u2019y perdraient<br \/>\nEn se penchant sur tes spathes \u00e9gales.<\/p>\n","protected":false},"excerpt":{"rendered":"<p>Gouet, raisin de serpent, pied de veau p\u00e2le, Tu as autant de pr\u00e9noms que de baies, M\u00eame les superstitieux s\u2019y perdraient En se penchant sur tes spathes \u00e9gales.<\/p>\n<p class=\"more-link-p\"><a class=\"more-link\" href=\"http:\/\/laplumedeloiseaulyre.com\/?page_id=6847\">Read more &rarr;<\/a><\/p>\n","protected":false},"author":1,"featured_media":0,"parent":0,"menu_order":0,"comment_status":"closed","ping_status":"closed","template":"","meta":{"spay_email":""},"jetpack_shortlink":"https:\/\/wp.me\/P4lzfC-1Mr","_links":{"self":[{"href":"http:\/\/laplumedeloiseaulyre.com\/index.php?rest_route=\/wp\/v2\/pages\/6847"}],"collection":[{"href":"http:\/\/laplumedeloiseaulyre.com\/index.php?rest_route=\/wp\/v2\/pages"}],"about":[{"href":"http:\/\/laplumedeloiseaulyre.com\/index.php?rest_route=\/wp\/v2\/types\/page"}],"author":[{"embeddable":true,"href":"http:\/\/laplumedeloiseaulyre.com\/index.php?rest_route=\/wp\/v2\/users\/1"}],"replies":[{"embeddable":true,"href":"http:\/\/laplumedeloiseaulyre.com\/index.php?rest_route=%2Fwp%2Fv2%2Fcomments&post=6847"}],"version-history":[{"count":2,"href":"http:\/\/laplumedeloiseaulyre.com\/index.php?rest_route=\/wp\/v2\/pages\/6847\/revisions"}],"predecessor-version":[{"id":11940,"href":"http:\/\/laplumedeloiseaulyre.com\/index.php?rest_route=\/wp\/v2\/pages\/6847\/revisions\/11940"}],"wp:attachment":[{"href":"http:\/\/laplumedeloiseaulyre.com\/index.php?rest_route=%2Fwp%2Fv2%2Fmedia&parent=6847"}],"curies":[{"name":"wp","href":"https:\/\/api.w.org\/{rel}","templated":true}]}}