{"id":6845,"date":"2018-02-28T19:42:33","date_gmt":"2018-02-28T19:42:33","guid":{"rendered":"http:\/\/laplumedeloiseaulyre.com\/?page_id=6845"},"modified":"2018-02-28T19:42:33","modified_gmt":"2018-02-28T19:42:33","slug":"goji-lycium-barbarum","status":"publish","type":"page","link":"http:\/\/laplumedeloiseaulyre.com\/?page_id=6845","title":{"rendered":"GOJI  Lycium barbarum"},"content":{"rendered":"<p>C\u2019est ici que naquit le feu Goji<br \/>\nDans l\u2019ascension de son volcan en cendre,<br \/>\nVois son buisson enlumin\u00e9 de fruits<br \/>\nDont nul ne peut go\u00fbter sans en d\u00e9pendre.<\/p>\n","protected":false},"excerpt":{"rendered":"<p>C\u2019est ici que naquit le feu Goji Dans l\u2019ascension de son volcan en cendre, Vois son buisson enlumin\u00e9 de fruits Dont nul ne peut go\u00fbter sans en d\u00e9pendre.<\/p>\n<p class=\"more-link-p\"><a class=\"more-link\" href=\"http:\/\/laplumedeloiseaulyre.com\/?page_id=6845\">Read more &rarr;<\/a><\/p>\n","protected":false},"author":1,"featured_media":0,"parent":0,"menu_order":0,"comment_status":"closed","ping_status":"closed","template":"","meta":{"spay_email":""},"jetpack_shortlink":"https:\/\/wp.me\/P4lzfC-1Mp","_links":{"self":[{"href":"http:\/\/laplumedeloiseaulyre.com\/index.php?rest_route=\/wp\/v2\/pages\/6845"}],"collection":[{"href":"http:\/\/laplumedeloiseaulyre.com\/index.php?rest_route=\/wp\/v2\/pages"}],"about":[{"href":"http:\/\/laplumedeloiseaulyre.com\/index.php?rest_route=\/wp\/v2\/types\/page"}],"author":[{"embeddable":true,"href":"http:\/\/laplumedeloiseaulyre.com\/index.php?rest_route=\/wp\/v2\/users\/1"}],"replies":[{"embeddable":true,"href":"http:\/\/laplumedeloiseaulyre.com\/index.php?rest_route=%2Fwp%2Fv2%2Fcomments&post=6845"}],"version-history":[{"count":1,"href":"http:\/\/laplumedeloiseaulyre.com\/index.php?rest_route=\/wp\/v2\/pages\/6845\/revisions"}],"predecessor-version":[{"id":6846,"href":"http:\/\/laplumedeloiseaulyre.com\/index.php?rest_route=\/wp\/v2\/pages\/6845\/revisions\/6846"}],"wp:attachment":[{"href":"http:\/\/laplumedeloiseaulyre.com\/index.php?rest_route=%2Fwp%2Fv2%2Fmedia&parent=6845"}],"curies":[{"name":"wp","href":"https:\/\/api.w.org\/{rel}","templated":true}]}}