{"id":6836,"date":"2018-02-28T19:38:23","date_gmt":"2018-02-28T19:38:23","guid":{"rendered":"http:\/\/laplumedeloiseaulyre.com\/?page_id=6836"},"modified":"2022-02-25T00:42:01","modified_gmt":"2022-02-25T00:42:01","slug":"gingko-biloba-gingko-biloba","status":"publish","type":"page","link":"http:\/\/laplumedeloiseaulyre.com\/?page_id=6836","title":{"rendered":"GINKGO BILOBA  Ginkgo biloba"},"content":{"rendered":"<p>Il y a mille \u00e9cus de long\u00e9vit\u00e9<br \/>\nSous le pallium du <em>Ginkgo biloba<\/em><br \/>\nQui d\u00e9ploie ses \u00e9ventails \u00e9ventr\u00e9s<br \/>\nEn un rythme de balala\u00efka.<\/p>\n","protected":false},"excerpt":{"rendered":"<p>Il y a mille \u00e9cus de long\u00e9vit\u00e9 Sous le pallium du Ginkgo biloba Qui d\u00e9ploie ses \u00e9ventails \u00e9ventr\u00e9s En un rythme de balala\u00efka.<\/p>\n<p class=\"more-link-p\"><a class=\"more-link\" href=\"http:\/\/laplumedeloiseaulyre.com\/?page_id=6836\">Read more &rarr;<\/a><\/p>\n","protected":false},"author":1,"featured_media":0,"parent":0,"menu_order":0,"comment_status":"closed","ping_status":"closed","template":"","meta":{"spay_email":""},"jetpack_shortlink":"https:\/\/wp.me\/P4lzfC-1Mg","_links":{"self":[{"href":"http:\/\/laplumedeloiseaulyre.com\/index.php?rest_route=\/wp\/v2\/pages\/6836"}],"collection":[{"href":"http:\/\/laplumedeloiseaulyre.com\/index.php?rest_route=\/wp\/v2\/pages"}],"about":[{"href":"http:\/\/laplumedeloiseaulyre.com\/index.php?rest_route=\/wp\/v2\/types\/page"}],"author":[{"embeddable":true,"href":"http:\/\/laplumedeloiseaulyre.com\/index.php?rest_route=\/wp\/v2\/users\/1"}],"replies":[{"embeddable":true,"href":"http:\/\/laplumedeloiseaulyre.com\/index.php?rest_route=%2Fwp%2Fv2%2Fcomments&post=6836"}],"version-history":[{"count":3,"href":"http:\/\/laplumedeloiseaulyre.com\/index.php?rest_route=\/wp\/v2\/pages\/6836\/revisions"}],"predecessor-version":[{"id":13675,"href":"http:\/\/laplumedeloiseaulyre.com\/index.php?rest_route=\/wp\/v2\/pages\/6836\/revisions\/13675"}],"wp:attachment":[{"href":"http:\/\/laplumedeloiseaulyre.com\/index.php?rest_route=%2Fwp%2Fv2%2Fmedia&parent=6836"}],"curies":[{"name":"wp","href":"https:\/\/api.w.org\/{rel}","templated":true}]}}