{"id":6825,"date":"2018-02-28T19:32:02","date_gmt":"2018-02-28T19:32:02","guid":{"rendered":"http:\/\/laplumedeloiseaulyre.com\/?page_id=6825"},"modified":"2018-02-28T19:32:02","modified_gmt":"2018-02-28T19:32:02","slug":"genevrier-juniperus-communis","status":"publish","type":"page","link":"http:\/\/laplumedeloiseaulyre.com\/?page_id=6825","title":{"rendered":"GEN\u00c9VRIER  Juniperus communis"},"content":{"rendered":"<p>Il n&rsquo;y a que d\u00e9su\u00e9tude<br \/>\nDans ce lieu hant\u00e9 de fatuit\u00e9,<br \/>\nRevenons \u00e0 l&rsquo;aust\u00e8re \u00e9tude<br \/>\nSous les c\u00f4nes du Gen\u00e9vrier.<\/p>\n","protected":false},"excerpt":{"rendered":"<p>Il n&rsquo;y a que d\u00e9su\u00e9tude Dans ce lieu hant\u00e9 de fatuit\u00e9, Revenons \u00e0 l&rsquo;aust\u00e8re \u00e9tude Sous les c\u00f4nes du Gen\u00e9vrier.<\/p>\n<p class=\"more-link-p\"><a class=\"more-link\" href=\"http:\/\/laplumedeloiseaulyre.com\/?page_id=6825\">Read more &rarr;<\/a><\/p>\n","protected":false},"author":1,"featured_media":0,"parent":0,"menu_order":0,"comment_status":"closed","ping_status":"closed","template":"","meta":{"spay_email":""},"jetpack_shortlink":"https:\/\/wp.me\/P4lzfC-1M5","_links":{"self":[{"href":"http:\/\/laplumedeloiseaulyre.com\/index.php?rest_route=\/wp\/v2\/pages\/6825"}],"collection":[{"href":"http:\/\/laplumedeloiseaulyre.com\/index.php?rest_route=\/wp\/v2\/pages"}],"about":[{"href":"http:\/\/laplumedeloiseaulyre.com\/index.php?rest_route=\/wp\/v2\/types\/page"}],"author":[{"embeddable":true,"href":"http:\/\/laplumedeloiseaulyre.com\/index.php?rest_route=\/wp\/v2\/users\/1"}],"replies":[{"embeddable":true,"href":"http:\/\/laplumedeloiseaulyre.com\/index.php?rest_route=%2Fwp%2Fv2%2Fcomments&post=6825"}],"version-history":[{"count":1,"href":"http:\/\/laplumedeloiseaulyre.com\/index.php?rest_route=\/wp\/v2\/pages\/6825\/revisions"}],"predecessor-version":[{"id":6826,"href":"http:\/\/laplumedeloiseaulyre.com\/index.php?rest_route=\/wp\/v2\/pages\/6825\/revisions\/6826"}],"wp:attachment":[{"href":"http:\/\/laplumedeloiseaulyre.com\/index.php?rest_route=%2Fwp%2Fv2%2Fmedia&parent=6825"}],"curies":[{"name":"wp","href":"https:\/\/api.w.org\/{rel}","templated":true}]}}