{"id":6821,"date":"2018-02-28T19:29:25","date_gmt":"2018-02-28T19:29:25","guid":{"rendered":"http:\/\/laplumedeloiseaulyre.com\/?page_id=6821"},"modified":"2022-02-25T00:40:36","modified_gmt":"2022-02-25T00:40:36","slug":"gazon","status":"publish","type":"page","link":"http:\/\/laplumedeloiseaulyre.com\/?page_id=6821","title":{"rendered":"GAZON"},"content":{"rendered":"<p><em>Green<\/em>, on parle de vous, de pluie et d&rsquo;Angleterre<br \/>\nDe <em>ray-grass<\/em> o\u00f9 se cache un chat sans doute gris,<br \/>\nD&rsquo;un vert cottage astiqu\u00e9 par une laiti\u00e8re,<br \/>\nD&rsquo;un Gazon trac\u00e9 par un cordeau inou\u00ef.<\/p>\n","protected":false},"excerpt":{"rendered":"<p>Green, on parle de vous, de pluie et d&rsquo;Angleterre De ray-grass o\u00f9 se cache un chat sans doute gris, D&rsquo;un vert cottage astiqu\u00e9 par une laiti\u00e8re, D&rsquo;un Gazon trac\u00e9 par un cordeau inou\u00ef.<\/p>\n<p class=\"more-link-p\"><a class=\"more-link\" href=\"http:\/\/laplumedeloiseaulyre.com\/?page_id=6821\">Read more &rarr;<\/a><\/p>\n","protected":false},"author":1,"featured_media":0,"parent":0,"menu_order":0,"comment_status":"closed","ping_status":"closed","template":"","meta":{"spay_email":""},"jetpack_shortlink":"https:\/\/wp.me\/P4lzfC-1M1","_links":{"self":[{"href":"http:\/\/laplumedeloiseaulyre.com\/index.php?rest_route=\/wp\/v2\/pages\/6821"}],"collection":[{"href":"http:\/\/laplumedeloiseaulyre.com\/index.php?rest_route=\/wp\/v2\/pages"}],"about":[{"href":"http:\/\/laplumedeloiseaulyre.com\/index.php?rest_route=\/wp\/v2\/types\/page"}],"author":[{"embeddable":true,"href":"http:\/\/laplumedeloiseaulyre.com\/index.php?rest_route=\/wp\/v2\/users\/1"}],"replies":[{"embeddable":true,"href":"http:\/\/laplumedeloiseaulyre.com\/index.php?rest_route=%2Fwp%2Fv2%2Fcomments&post=6821"}],"version-history":[{"count":3,"href":"http:\/\/laplumedeloiseaulyre.com\/index.php?rest_route=\/wp\/v2\/pages\/6821\/revisions"}],"predecessor-version":[{"id":13673,"href":"http:\/\/laplumedeloiseaulyre.com\/index.php?rest_route=\/wp\/v2\/pages\/6821\/revisions\/13673"}],"wp:attachment":[{"href":"http:\/\/laplumedeloiseaulyre.com\/index.php?rest_route=%2Fwp%2Fv2%2Fmedia&parent=6821"}],"curies":[{"name":"wp","href":"https:\/\/api.w.org\/{rel}","templated":true}]}}