{"id":6819,"date":"2018-02-28T19:28:38","date_gmt":"2018-02-28T19:28:38","guid":{"rendered":"http:\/\/laplumedeloiseaulyre.com\/?page_id=6819"},"modified":"2018-02-28T19:28:38","modified_gmt":"2018-02-28T19:28:38","slug":"gazania-gazania-rigens","status":"publish","type":"page","link":"http:\/\/laplumedeloiseaulyre.com\/?page_id=6819","title":{"rendered":"GAZANIA Gazania rigens"},"content":{"rendered":"<p>L\u2019orgueilleuse Gazania capitule<br \/>\nQuand il s\u2019agit de rendre son hommage<br \/>\n\u00c0 Th\u00e9ophraste, botaniste mage<br \/>\n\u00c0 Th\u00e9odore de Gaza, \u00e9mule.<\/p>\n","protected":false},"excerpt":{"rendered":"<p>L\u2019orgueilleuse Gazania capitule Quand il s\u2019agit de rendre son hommage \u00c0 Th\u00e9ophraste, botaniste mage \u00c0 Th\u00e9odore de Gaza, \u00e9mule.<\/p>\n<p class=\"more-link-p\"><a class=\"more-link\" href=\"http:\/\/laplumedeloiseaulyre.com\/?page_id=6819\">Read more &rarr;<\/a><\/p>\n","protected":false},"author":1,"featured_media":0,"parent":0,"menu_order":0,"comment_status":"closed","ping_status":"closed","template":"","meta":{"spay_email":""},"jetpack_shortlink":"https:\/\/wp.me\/P4lzfC-1LZ","_links":{"self":[{"href":"http:\/\/laplumedeloiseaulyre.com\/index.php?rest_route=\/wp\/v2\/pages\/6819"}],"collection":[{"href":"http:\/\/laplumedeloiseaulyre.com\/index.php?rest_route=\/wp\/v2\/pages"}],"about":[{"href":"http:\/\/laplumedeloiseaulyre.com\/index.php?rest_route=\/wp\/v2\/types\/page"}],"author":[{"embeddable":true,"href":"http:\/\/laplumedeloiseaulyre.com\/index.php?rest_route=\/wp\/v2\/users\/1"}],"replies":[{"embeddable":true,"href":"http:\/\/laplumedeloiseaulyre.com\/index.php?rest_route=%2Fwp%2Fv2%2Fcomments&post=6819"}],"version-history":[{"count":1,"href":"http:\/\/laplumedeloiseaulyre.com\/index.php?rest_route=\/wp\/v2\/pages\/6819\/revisions"}],"predecessor-version":[{"id":6820,"href":"http:\/\/laplumedeloiseaulyre.com\/index.php?rest_route=\/wp\/v2\/pages\/6819\/revisions\/6820"}],"wp:attachment":[{"href":"http:\/\/laplumedeloiseaulyre.com\/index.php?rest_route=%2Fwp%2Fv2%2Fmedia&parent=6819"}],"curies":[{"name":"wp","href":"https:\/\/api.w.org\/{rel}","templated":true}]}}