{"id":6817,"date":"2018-02-28T19:27:52","date_gmt":"2018-02-28T19:27:52","guid":{"rendered":"http:\/\/laplumedeloiseaulyre.com\/?page_id=6817"},"modified":"2021-06-27T13:46:23","modified_gmt":"2021-06-27T13:46:23","slug":"gaultherie-gaultheria-procumbens","status":"publish","type":"page","link":"http:\/\/laplumedeloiseaulyre.com\/?page_id=6817","title":{"rendered":"GAULTH\u00c9RIE Gaultheria procumbens"},"content":{"rendered":"<p>Ayez piti\u00e9 de votre amie la Gaulth\u00e9rie<br \/>\nCouch\u00e9e, mitraill\u00e9e au lit d&rsquo;un champ de bataille<br \/>\nAutour d\u2019elle on ne voit aucune \u00e2me qui vaille :<br \/>\nSa blessure odore la perle de son fruit.<\/p>\n","protected":false},"excerpt":{"rendered":"<p>Ayez piti\u00e9 de votre amie la Gaulth\u00e9rie Couch\u00e9e, mitraill\u00e9e au lit d&rsquo;un champ de bataille Autour d\u2019elle on ne voit aucune \u00e2me qui vaille : Sa blessure odore la perle de son fruit.<\/p>\n<p class=\"more-link-p\"><a class=\"more-link\" href=\"http:\/\/laplumedeloiseaulyre.com\/?page_id=6817\">Read more &rarr;<\/a><\/p>\n","protected":false},"author":1,"featured_media":0,"parent":0,"menu_order":0,"comment_status":"closed","ping_status":"closed","template":"","meta":{"spay_email":""},"jetpack_shortlink":"https:\/\/wp.me\/P4lzfC-1LX","_links":{"self":[{"href":"http:\/\/laplumedeloiseaulyre.com\/index.php?rest_route=\/wp\/v2\/pages\/6817"}],"collection":[{"href":"http:\/\/laplumedeloiseaulyre.com\/index.php?rest_route=\/wp\/v2\/pages"}],"about":[{"href":"http:\/\/laplumedeloiseaulyre.com\/index.php?rest_route=\/wp\/v2\/types\/page"}],"author":[{"embeddable":true,"href":"http:\/\/laplumedeloiseaulyre.com\/index.php?rest_route=\/wp\/v2\/users\/1"}],"replies":[{"embeddable":true,"href":"http:\/\/laplumedeloiseaulyre.com\/index.php?rest_route=%2Fwp%2Fv2%2Fcomments&post=6817"}],"version-history":[{"count":2,"href":"http:\/\/laplumedeloiseaulyre.com\/index.php?rest_route=\/wp\/v2\/pages\/6817\/revisions"}],"predecessor-version":[{"id":12401,"href":"http:\/\/laplumedeloiseaulyre.com\/index.php?rest_route=\/wp\/v2\/pages\/6817\/revisions\/12401"}],"wp:attachment":[{"href":"http:\/\/laplumedeloiseaulyre.com\/index.php?rest_route=%2Fwp%2Fv2%2Fmedia&parent=6817"}],"curies":[{"name":"wp","href":"https:\/\/api.w.org\/{rel}","templated":true}]}}