{"id":6813,"date":"2018-02-28T19:26:04","date_gmt":"2018-02-28T19:26:04","guid":{"rendered":"http:\/\/laplumedeloiseaulyre.com\/?page_id=6813"},"modified":"2018-02-28T19:26:04","modified_gmt":"2018-02-28T19:26:04","slug":"gardenia-gardenia-augusta","status":"publish","type":"page","link":"http:\/\/laplumedeloiseaulyre.com\/?page_id=6813","title":{"rendered":"GARD\u00c9NIA Gardenia augusta"},"content":{"rendered":"<p>Le Gard\u00e9nia rougit en digne rubiac\u00e9e,<br \/>\nUn peu effar\u00e9 de son parfum vivace ;<br \/>\nDes boutonni\u00e8res c\u2019est le captif \u00e9pingl\u00e9,<br \/>\nFleur badine des gentlemen qui r\u00eavassent.<\/p>\n","protected":false},"excerpt":{"rendered":"<p>Le Gard\u00e9nia rougit en digne rubiac\u00e9e, Un peu effar\u00e9 de son parfum vivace ; Des boutonni\u00e8res c\u2019est le captif \u00e9pingl\u00e9, Fleur badine des gentlemen qui r\u00eavassent.<\/p>\n<p class=\"more-link-p\"><a class=\"more-link\" href=\"http:\/\/laplumedeloiseaulyre.com\/?page_id=6813\">Read more &rarr;<\/a><\/p>\n","protected":false},"author":1,"featured_media":0,"parent":0,"menu_order":0,"comment_status":"closed","ping_status":"closed","template":"","meta":{"spay_email":""},"jetpack_shortlink":"https:\/\/wp.me\/P4lzfC-1LT","_links":{"self":[{"href":"http:\/\/laplumedeloiseaulyre.com\/index.php?rest_route=\/wp\/v2\/pages\/6813"}],"collection":[{"href":"http:\/\/laplumedeloiseaulyre.com\/index.php?rest_route=\/wp\/v2\/pages"}],"about":[{"href":"http:\/\/laplumedeloiseaulyre.com\/index.php?rest_route=\/wp\/v2\/types\/page"}],"author":[{"embeddable":true,"href":"http:\/\/laplumedeloiseaulyre.com\/index.php?rest_route=\/wp\/v2\/users\/1"}],"replies":[{"embeddable":true,"href":"http:\/\/laplumedeloiseaulyre.com\/index.php?rest_route=%2Fwp%2Fv2%2Fcomments&post=6813"}],"version-history":[{"count":1,"href":"http:\/\/laplumedeloiseaulyre.com\/index.php?rest_route=\/wp\/v2\/pages\/6813\/revisions"}],"predecessor-version":[{"id":6814,"href":"http:\/\/laplumedeloiseaulyre.com\/index.php?rest_route=\/wp\/v2\/pages\/6813\/revisions\/6814"}],"wp:attachment":[{"href":"http:\/\/laplumedeloiseaulyre.com\/index.php?rest_route=%2Fwp%2Fv2%2Fmedia&parent=6813"}],"curies":[{"name":"wp","href":"https:\/\/api.w.org\/{rel}","templated":true}]}}