{"id":6807,"date":"2018-02-28T19:23:32","date_gmt":"2018-02-28T19:23:32","guid":{"rendered":"http:\/\/laplumedeloiseaulyre.com\/?page_id=6807"},"modified":"2018-02-28T19:23:32","modified_gmt":"2018-02-28T19:23:32","slug":"galbanum-ferula-gummosa","status":"publish","type":"page","link":"http:\/\/laplumedeloiseaulyre.com\/?page_id=6807","title":{"rendered":"GALBANUM Ferula gummosa"},"content":{"rendered":"<p>Ayant fait un serment \u00e0 la colonne<br \/>\nDe porphyre dress\u00e9e dans l&rsquo;impluvium,<br \/>\nJ&rsquo;y ai grav\u00e9 ton nom pour qu\u2019il r\u00e9sonne<br \/>\nEt soit encens\u00e9 par le Galbanum. <\/p>\n","protected":false},"excerpt":{"rendered":"<p>Ayant fait un serment \u00e0 la colonne De porphyre dress\u00e9e dans l&rsquo;impluvium, J&rsquo;y ai grav\u00e9 ton nom pour qu\u2019il r\u00e9sonne Et soit encens\u00e9 par le Galbanum.<\/p>\n<p class=\"more-link-p\"><a class=\"more-link\" href=\"http:\/\/laplumedeloiseaulyre.com\/?page_id=6807\">Read more &rarr;<\/a><\/p>\n","protected":false},"author":1,"featured_media":0,"parent":0,"menu_order":0,"comment_status":"closed","ping_status":"closed","template":"","meta":{"spay_email":""},"jetpack_shortlink":"https:\/\/wp.me\/P4lzfC-1LN","_links":{"self":[{"href":"http:\/\/laplumedeloiseaulyre.com\/index.php?rest_route=\/wp\/v2\/pages\/6807"}],"collection":[{"href":"http:\/\/laplumedeloiseaulyre.com\/index.php?rest_route=\/wp\/v2\/pages"}],"about":[{"href":"http:\/\/laplumedeloiseaulyre.com\/index.php?rest_route=\/wp\/v2\/types\/page"}],"author":[{"embeddable":true,"href":"http:\/\/laplumedeloiseaulyre.com\/index.php?rest_route=\/wp\/v2\/users\/1"}],"replies":[{"embeddable":true,"href":"http:\/\/laplumedeloiseaulyre.com\/index.php?rest_route=%2Fwp%2Fv2%2Fcomments&post=6807"}],"version-history":[{"count":1,"href":"http:\/\/laplumedeloiseaulyre.com\/index.php?rest_route=\/wp\/v2\/pages\/6807\/revisions"}],"predecessor-version":[{"id":6808,"href":"http:\/\/laplumedeloiseaulyre.com\/index.php?rest_route=\/wp\/v2\/pages\/6807\/revisions\/6808"}],"wp:attachment":[{"href":"http:\/\/laplumedeloiseaulyre.com\/index.php?rest_route=%2Fwp%2Fv2%2Fmedia&parent=6807"}],"curies":[{"name":"wp","href":"https:\/\/api.w.org\/{rel}","templated":true}]}}