{"id":6794,"date":"2018-02-28T15:57:10","date_gmt":"2018-02-28T15:57:10","guid":{"rendered":"http:\/\/laplumedeloiseaulyre.com\/?page_id=6794"},"modified":"2018-02-28T15:57:10","modified_gmt":"2018-02-28T15:57:10","slug":"fumeterre-fumaria-officinalis","status":"publish","type":"page","link":"http:\/\/laplumedeloiseaulyre.com\/?page_id=6794","title":{"rendered":"FUMETERRE Fumaria officinalis"},"content":{"rendered":"<p>Compagne d\u00e9miurgique d\u2019Olivier de Serres,<br \/>\nTa marche dicotyl\u00e9done nous intrigue,<br \/>\nIl para\u00eet que tu gu\u00e9ris troubles et fatigues :<br \/>\nAs-tu vraiment fum\u00e9 la terre, \u00f4 Fumeterre ?<\/p>\n","protected":false},"excerpt":{"rendered":"<p>Compagne d\u00e9miurgique d\u2019Olivier de Serres, Ta marche dicotyl\u00e9done nous intrigue, Il para\u00eet que tu gu\u00e9ris troubles et fatigues : As-tu vraiment fum\u00e9 la terre, \u00f4 Fumeterre ?<\/p>\n<p class=\"more-link-p\"><a class=\"more-link\" href=\"http:\/\/laplumedeloiseaulyre.com\/?page_id=6794\">Read more &rarr;<\/a><\/p>\n","protected":false},"author":1,"featured_media":0,"parent":0,"menu_order":0,"comment_status":"closed","ping_status":"closed","template":"","meta":{"spay_email":""},"jetpack_shortlink":"https:\/\/wp.me\/P4lzfC-1LA","_links":{"self":[{"href":"http:\/\/laplumedeloiseaulyre.com\/index.php?rest_route=\/wp\/v2\/pages\/6794"}],"collection":[{"href":"http:\/\/laplumedeloiseaulyre.com\/index.php?rest_route=\/wp\/v2\/pages"}],"about":[{"href":"http:\/\/laplumedeloiseaulyre.com\/index.php?rest_route=\/wp\/v2\/types\/page"}],"author":[{"embeddable":true,"href":"http:\/\/laplumedeloiseaulyre.com\/index.php?rest_route=\/wp\/v2\/users\/1"}],"replies":[{"embeddable":true,"href":"http:\/\/laplumedeloiseaulyre.com\/index.php?rest_route=%2Fwp%2Fv2%2Fcomments&post=6794"}],"version-history":[{"count":1,"href":"http:\/\/laplumedeloiseaulyre.com\/index.php?rest_route=\/wp\/v2\/pages\/6794\/revisions"}],"predecessor-version":[{"id":6795,"href":"http:\/\/laplumedeloiseaulyre.com\/index.php?rest_route=\/wp\/v2\/pages\/6794\/revisions\/6795"}],"wp:attachment":[{"href":"http:\/\/laplumedeloiseaulyre.com\/index.php?rest_route=%2Fwp%2Fv2%2Fmedia&parent=6794"}],"curies":[{"name":"wp","href":"https:\/\/api.w.org\/{rel}","templated":true}]}}