{"id":6792,"date":"2018-02-28T15:55:53","date_gmt":"2018-02-28T15:55:53","guid":{"rendered":"http:\/\/laplumedeloiseaulyre.com\/?page_id=6792"},"modified":"2021-04-29T23:41:47","modified_gmt":"2021-04-29T23:41:47","slug":"fuchsia-fuchsia-regia","status":"publish","type":"page","link":"http:\/\/laplumedeloiseaulyre.com\/?page_id=6792","title":{"rendered":"FUCHSIA Fuchsia regia"},"content":{"rendered":"<p>Appliquant son rouge \u00e0 l\u00e8vre avec pr\u00e9cision,<br \/>\nFuchsia est une femme fatale en fourreau,<br \/>\nBel arbrisseau qui se prend pour Greta Garbo,<br \/>\nFlash hollywoodien du jardin des tentations.<\/p>\n","protected":false},"excerpt":{"rendered":"<p>Appliquant son rouge \u00e0 l\u00e8vre avec pr\u00e9cision, Fuchsia est une femme fatale en fourreau, Bel arbrisseau qui se prend pour Greta Garbo, Flash hollywoodien du jardin des tentations.<\/p>\n<p class=\"more-link-p\"><a class=\"more-link\" href=\"http:\/\/laplumedeloiseaulyre.com\/?page_id=6792\">Read more &rarr;<\/a><\/p>\n","protected":false},"author":1,"featured_media":0,"parent":0,"menu_order":0,"comment_status":"closed","ping_status":"closed","template":"","meta":{"spay_email":""},"jetpack_shortlink":"https:\/\/wp.me\/P4lzfC-1Ly","_links":{"self":[{"href":"http:\/\/laplumedeloiseaulyre.com\/index.php?rest_route=\/wp\/v2\/pages\/6792"}],"collection":[{"href":"http:\/\/laplumedeloiseaulyre.com\/index.php?rest_route=\/wp\/v2\/pages"}],"about":[{"href":"http:\/\/laplumedeloiseaulyre.com\/index.php?rest_route=\/wp\/v2\/types\/page"}],"author":[{"embeddable":true,"href":"http:\/\/laplumedeloiseaulyre.com\/index.php?rest_route=\/wp\/v2\/users\/1"}],"replies":[{"embeddable":true,"href":"http:\/\/laplumedeloiseaulyre.com\/index.php?rest_route=%2Fwp%2Fv2%2Fcomments&post=6792"}],"version-history":[{"count":2,"href":"http:\/\/laplumedeloiseaulyre.com\/index.php?rest_route=\/wp\/v2\/pages\/6792\/revisions"}],"predecessor-version":[{"id":12061,"href":"http:\/\/laplumedeloiseaulyre.com\/index.php?rest_route=\/wp\/v2\/pages\/6792\/revisions\/12061"}],"wp:attachment":[{"href":"http:\/\/laplumedeloiseaulyre.com\/index.php?rest_route=%2Fwp%2Fv2%2Fmedia&parent=6792"}],"curies":[{"name":"wp","href":"https:\/\/api.w.org\/{rel}","templated":true}]}}