{"id":6788,"date":"2018-02-28T15:53:54","date_gmt":"2018-02-28T15:53:54","guid":{"rendered":"http:\/\/laplumedeloiseaulyre.com\/?page_id=6788"},"modified":"2021-06-27T13:43:14","modified_gmt":"2021-06-27T13:43:14","slug":"frene-fraxinus-excelsior","status":"publish","type":"page","link":"http:\/\/laplumedeloiseaulyre.com\/?page_id=6788","title":{"rendered":"FR\u00caNE \u00c9LEV\u00c9 Fraxinus excelsior"},"content":{"rendered":"<p>Non, neige, non tu n\u2019enneigeras pas<br \/>\nLes grands toits d\u00e9j\u00e0 beurr\u00e9s de blancheur !<br \/>\nVa plut\u00f4t visiter les Fr\u00eanes las<br \/>\nDe d\u00e9sirer conna\u00eetre ta froideur.<\/p>\n","protected":false},"excerpt":{"rendered":"<p>Non, neige, non tu n\u2019enneigeras pas Les grands toits d\u00e9j\u00e0 beurr\u00e9s de blancheur ! Va plut\u00f4t visiter les Fr\u00eanes las De d\u00e9sirer conna\u00eetre ta froideur.<\/p>\n<p class=\"more-link-p\"><a class=\"more-link\" href=\"http:\/\/laplumedeloiseaulyre.com\/?page_id=6788\">Read more &rarr;<\/a><\/p>\n","protected":false},"author":1,"featured_media":0,"parent":0,"menu_order":0,"comment_status":"closed","ping_status":"closed","template":"","meta":{"spay_email":""},"jetpack_shortlink":"https:\/\/wp.me\/P4lzfC-1Lu","_links":{"self":[{"href":"http:\/\/laplumedeloiseaulyre.com\/index.php?rest_route=\/wp\/v2\/pages\/6788"}],"collection":[{"href":"http:\/\/laplumedeloiseaulyre.com\/index.php?rest_route=\/wp\/v2\/pages"}],"about":[{"href":"http:\/\/laplumedeloiseaulyre.com\/index.php?rest_route=\/wp\/v2\/types\/page"}],"author":[{"embeddable":true,"href":"http:\/\/laplumedeloiseaulyre.com\/index.php?rest_route=\/wp\/v2\/users\/1"}],"replies":[{"embeddable":true,"href":"http:\/\/laplumedeloiseaulyre.com\/index.php?rest_route=%2Fwp%2Fv2%2Fcomments&post=6788"}],"version-history":[{"count":2,"href":"http:\/\/laplumedeloiseaulyre.com\/index.php?rest_route=\/wp\/v2\/pages\/6788\/revisions"}],"predecessor-version":[{"id":12400,"href":"http:\/\/laplumedeloiseaulyre.com\/index.php?rest_route=\/wp\/v2\/pages\/6788\/revisions\/12400"}],"wp:attachment":[{"href":"http:\/\/laplumedeloiseaulyre.com\/index.php?rest_route=%2Fwp%2Fv2%2Fmedia&parent=6788"}],"curies":[{"name":"wp","href":"https:\/\/api.w.org\/{rel}","templated":true}]}}