{"id":6782,"date":"2018-02-28T15:51:29","date_gmt":"2018-02-28T15:51:29","guid":{"rendered":"http:\/\/laplumedeloiseaulyre.com\/?page_id=6782"},"modified":"2018-02-28T15:51:29","modified_gmt":"2018-02-28T15:51:29","slug":"frangipanier-blanc-plumeria-alba","status":"publish","type":"page","link":"http:\/\/laplumedeloiseaulyre.com\/?page_id=6782","title":{"rendered":"FRANGIPANIER BLANC  Plumeria alba"},"content":{"rendered":"<p>Quand le brouillard ondulant d\u2019\u00e9lectricit\u00e9<br \/>\nEnveloppera les \u00e9paules natales<br \/>\nDe l\u2019\u00eele au chant d\u2019ar\u00f4me des Frangipaniers<br \/>\nLors, envoyez-moi une carte postale.<\/p>\n","protected":false},"excerpt":{"rendered":"<p>Quand le brouillard ondulant d\u2019\u00e9lectricit\u00e9 Enveloppera les \u00e9paules natales De l\u2019\u00eele au chant d\u2019ar\u00f4me des Frangipaniers Lors, envoyez-moi une carte postale.<\/p>\n<p class=\"more-link-p\"><a class=\"more-link\" href=\"http:\/\/laplumedeloiseaulyre.com\/?page_id=6782\">Read more &rarr;<\/a><\/p>\n","protected":false},"author":1,"featured_media":0,"parent":0,"menu_order":0,"comment_status":"closed","ping_status":"closed","template":"","meta":{"spay_email":""},"jetpack_shortlink":"https:\/\/wp.me\/P4lzfC-1Lo","_links":{"self":[{"href":"http:\/\/laplumedeloiseaulyre.com\/index.php?rest_route=\/wp\/v2\/pages\/6782"}],"collection":[{"href":"http:\/\/laplumedeloiseaulyre.com\/index.php?rest_route=\/wp\/v2\/pages"}],"about":[{"href":"http:\/\/laplumedeloiseaulyre.com\/index.php?rest_route=\/wp\/v2\/types\/page"}],"author":[{"embeddable":true,"href":"http:\/\/laplumedeloiseaulyre.com\/index.php?rest_route=\/wp\/v2\/users\/1"}],"replies":[{"embeddable":true,"href":"http:\/\/laplumedeloiseaulyre.com\/index.php?rest_route=%2Fwp%2Fv2%2Fcomments&post=6782"}],"version-history":[{"count":1,"href":"http:\/\/laplumedeloiseaulyre.com\/index.php?rest_route=\/wp\/v2\/pages\/6782\/revisions"}],"predecessor-version":[{"id":6783,"href":"http:\/\/laplumedeloiseaulyre.com\/index.php?rest_route=\/wp\/v2\/pages\/6782\/revisions\/6783"}],"wp:attachment":[{"href":"http:\/\/laplumedeloiseaulyre.com\/index.php?rest_route=%2Fwp%2Fv2%2Fmedia&parent=6782"}],"curies":[{"name":"wp","href":"https:\/\/api.w.org\/{rel}","templated":true}]}}