{"id":6779,"date":"2018-02-28T15:50:28","date_gmt":"2018-02-28T15:50:28","guid":{"rendered":"http:\/\/laplumedeloiseaulyre.com\/?page_id=6779"},"modified":"2022-01-30T23:05:20","modified_gmt":"2022-01-30T23:05:20","slug":"framboise-rubus-idaeus","status":"publish","type":"page","link":"http:\/\/laplumedeloiseaulyre.com\/?page_id=6779","title":{"rendered":"FRAMBOISE Rubus idaeus"},"content":{"rendered":"<p>\u00ab Crois-tu donc \u00e0 l&rsquo;amour impossible ? \u00bb<br \/>\nDemandait la Framboise au colibri.<br \/>\nCelui-ci n&rsquo;\u00e9tait gu\u00e8re sensible<br \/>\nEt la mangeant lui r\u00e9pondit : \u00ab Mais oui ! \u00bb.<\/p>\n","protected":false},"excerpt":{"rendered":"<p>\u00ab Crois-tu donc \u00e0 l&rsquo;amour impossible ? \u00bb Demandait la Framboise au colibri. Celui-ci n&rsquo;\u00e9tait gu\u00e8re sensible Et la mangeant lui r\u00e9pondit : \u00ab Mais oui ! \u00bb.<\/p>\n<p class=\"more-link-p\"><a class=\"more-link\" href=\"http:\/\/laplumedeloiseaulyre.com\/?page_id=6779\">Read more &rarr;<\/a><\/p>\n","protected":false},"author":1,"featured_media":0,"parent":0,"menu_order":0,"comment_status":"closed","ping_status":"closed","template":"","meta":{"spay_email":""},"jetpack_shortlink":"https:\/\/wp.me\/P4lzfC-1Ll","_links":{"self":[{"href":"http:\/\/laplumedeloiseaulyre.com\/index.php?rest_route=\/wp\/v2\/pages\/6779"}],"collection":[{"href":"http:\/\/laplumedeloiseaulyre.com\/index.php?rest_route=\/wp\/v2\/pages"}],"about":[{"href":"http:\/\/laplumedeloiseaulyre.com\/index.php?rest_route=\/wp\/v2\/types\/page"}],"author":[{"embeddable":true,"href":"http:\/\/laplumedeloiseaulyre.com\/index.php?rest_route=\/wp\/v2\/users\/1"}],"replies":[{"embeddable":true,"href":"http:\/\/laplumedeloiseaulyre.com\/index.php?rest_route=%2Fwp%2Fv2%2Fcomments&post=6779"}],"version-history":[{"count":2,"href":"http:\/\/laplumedeloiseaulyre.com\/index.php?rest_route=\/wp\/v2\/pages\/6779\/revisions"}],"predecessor-version":[{"id":13498,"href":"http:\/\/laplumedeloiseaulyre.com\/index.php?rest_route=\/wp\/v2\/pages\/6779\/revisions\/13498"}],"wp:attachment":[{"href":"http:\/\/laplumedeloiseaulyre.com\/index.php?rest_route=%2Fwp%2Fv2%2Fmedia&parent=6779"}],"curies":[{"name":"wp","href":"https:\/\/api.w.org\/{rel}","templated":true}]}}