{"id":6777,"date":"2018-02-28T15:49:23","date_gmt":"2018-02-28T15:49:23","guid":{"rendered":"http:\/\/laplumedeloiseaulyre.com\/?page_id=6777"},"modified":"2022-02-16T22:27:46","modified_gmt":"2022-02-16T22:27:46","slug":"fraisier-fragaria-x-xananassa","status":"publish","type":"page","link":"http:\/\/laplumedeloiseaulyre.com\/?page_id=6777","title":{"rendered":"FRAISIER  Fragaria x ananassa"},"content":{"rendered":"<p>Rougeoyant comme un mensonge sucr\u00e9<br \/>\nSous sa notable et verte collerette<br \/>\nSe recroqueville en vain le Fraisier<br \/>\nAvec son \u00e9rubescence indiscr\u00e8te.<\/p>\n","protected":false},"excerpt":{"rendered":"<p>Rougeoyant comme un mensonge sucr\u00e9 Sous sa notable et verte collerette Se recroqueville en vain le Fraisier Avec son \u00e9rubescence indiscr\u00e8te.<\/p>\n<p class=\"more-link-p\"><a class=\"more-link\" href=\"http:\/\/laplumedeloiseaulyre.com\/?page_id=6777\">Read more &rarr;<\/a><\/p>\n","protected":false},"author":1,"featured_media":0,"parent":0,"menu_order":0,"comment_status":"closed","ping_status":"closed","template":"","meta":{"spay_email":""},"jetpack_shortlink":"https:\/\/wp.me\/P4lzfC-1Lj","_links":{"self":[{"href":"http:\/\/laplumedeloiseaulyre.com\/index.php?rest_route=\/wp\/v2\/pages\/6777"}],"collection":[{"href":"http:\/\/laplumedeloiseaulyre.com\/index.php?rest_route=\/wp\/v2\/pages"}],"about":[{"href":"http:\/\/laplumedeloiseaulyre.com\/index.php?rest_route=\/wp\/v2\/types\/page"}],"author":[{"embeddable":true,"href":"http:\/\/laplumedeloiseaulyre.com\/index.php?rest_route=\/wp\/v2\/users\/1"}],"replies":[{"embeddable":true,"href":"http:\/\/laplumedeloiseaulyre.com\/index.php?rest_route=%2Fwp%2Fv2%2Fcomments&post=6777"}],"version-history":[{"count":2,"href":"http:\/\/laplumedeloiseaulyre.com\/index.php?rest_route=\/wp\/v2\/pages\/6777\/revisions"}],"predecessor-version":[{"id":13618,"href":"http:\/\/laplumedeloiseaulyre.com\/index.php?rest_route=\/wp\/v2\/pages\/6777\/revisions\/13618"}],"wp:attachment":[{"href":"http:\/\/laplumedeloiseaulyre.com\/index.php?rest_route=%2Fwp%2Fv2%2Fmedia&parent=6777"}],"curies":[{"name":"wp","href":"https:\/\/api.w.org\/{rel}","templated":true}]}}