{"id":6762,"date":"2018-02-28T15:18:57","date_gmt":"2018-02-28T15:18:57","guid":{"rendered":"http:\/\/laplumedeloiseaulyre.com\/?page_id=6762"},"modified":"2018-02-28T15:18:57","modified_gmt":"2018-02-28T15:18:57","slug":"feve-vicia-faba","status":"publish","type":"page","link":"http:\/\/laplumedeloiseaulyre.com\/?page_id=6762","title":{"rendered":"F\u00c8VE Vicia faba"},"content":{"rendered":"<p>Allant et venant au joug du labour<br \/>\nO\u00f9 g\u00eet mon \u00e2me en son terrible amour,<br \/>\nNulle \u00e0 adorer celui que j\u2019esp\u00e8re,<br \/>\nH\u00e9las de F\u00e8ve ne puis me d\u00e9faire.<\/p>\n","protected":false},"excerpt":{"rendered":"<p>Allant et venant au joug du labour O\u00f9 g\u00eet mon \u00e2me en son terrible amour, Nulle \u00e0 adorer celui que j\u2019esp\u00e8re, H\u00e9las de F\u00e8ve ne puis me d\u00e9faire.<\/p>\n<p class=\"more-link-p\"><a class=\"more-link\" href=\"http:\/\/laplumedeloiseaulyre.com\/?page_id=6762\">Read more &rarr;<\/a><\/p>\n","protected":false},"author":1,"featured_media":0,"parent":0,"menu_order":0,"comment_status":"closed","ping_status":"closed","template":"","meta":{"spay_email":""},"jetpack_shortlink":"https:\/\/wp.me\/P4lzfC-1L4","_links":{"self":[{"href":"http:\/\/laplumedeloiseaulyre.com\/index.php?rest_route=\/wp\/v2\/pages\/6762"}],"collection":[{"href":"http:\/\/laplumedeloiseaulyre.com\/index.php?rest_route=\/wp\/v2\/pages"}],"about":[{"href":"http:\/\/laplumedeloiseaulyre.com\/index.php?rest_route=\/wp\/v2\/types\/page"}],"author":[{"embeddable":true,"href":"http:\/\/laplumedeloiseaulyre.com\/index.php?rest_route=\/wp\/v2\/users\/1"}],"replies":[{"embeddable":true,"href":"http:\/\/laplumedeloiseaulyre.com\/index.php?rest_route=%2Fwp%2Fv2%2Fcomments&post=6762"}],"version-history":[{"count":1,"href":"http:\/\/laplumedeloiseaulyre.com\/index.php?rest_route=\/wp\/v2\/pages\/6762\/revisions"}],"predecessor-version":[{"id":6763,"href":"http:\/\/laplumedeloiseaulyre.com\/index.php?rest_route=\/wp\/v2\/pages\/6762\/revisions\/6763"}],"wp:attachment":[{"href":"http:\/\/laplumedeloiseaulyre.com\/index.php?rest_route=%2Fwp%2Fv2%2Fmedia&parent=6762"}],"curies":[{"name":"wp","href":"https:\/\/api.w.org\/{rel}","templated":true}]}}