{"id":6760,"date":"2018-02-28T15:18:00","date_gmt":"2018-02-28T15:18:00","guid":{"rendered":"http:\/\/laplumedeloiseaulyre.com\/?page_id=6760"},"modified":"2018-02-28T15:18:00","modified_gmt":"2018-02-28T15:18:00","slug":"ferule-ferula-communis","status":"publish","type":"page","link":"http:\/\/laplumedeloiseaulyre.com\/?page_id=6760","title":{"rendered":"F\u00c9RULE Ferula communis"},"content":{"rendered":"<p>Seigneur je ne demande pas que tu annules<br \/>\nLa souffrance de l\u2019athl\u00e8te sous la F\u00e9rule<br \/>\nMais je souhaite la paix du destin engag\u00e9<br \/>\nQui sait o\u00f9 il va et qui peut tout supporter.<\/p>\n","protected":false},"excerpt":{"rendered":"<p>Seigneur je ne demande pas que tu annules La souffrance de l\u2019athl\u00e8te sous la F\u00e9rule Mais je souhaite la paix du destin engag\u00e9 Qui sait o\u00f9 il va et qui peut tout supporter.<\/p>\n<p class=\"more-link-p\"><a class=\"more-link\" href=\"http:\/\/laplumedeloiseaulyre.com\/?page_id=6760\">Read more &rarr;<\/a><\/p>\n","protected":false},"author":1,"featured_media":0,"parent":0,"menu_order":0,"comment_status":"closed","ping_status":"closed","template":"","meta":{"spay_email":""},"jetpack_shortlink":"https:\/\/wp.me\/P4lzfC-1L2","_links":{"self":[{"href":"http:\/\/laplumedeloiseaulyre.com\/index.php?rest_route=\/wp\/v2\/pages\/6760"}],"collection":[{"href":"http:\/\/laplumedeloiseaulyre.com\/index.php?rest_route=\/wp\/v2\/pages"}],"about":[{"href":"http:\/\/laplumedeloiseaulyre.com\/index.php?rest_route=\/wp\/v2\/types\/page"}],"author":[{"embeddable":true,"href":"http:\/\/laplumedeloiseaulyre.com\/index.php?rest_route=\/wp\/v2\/users\/1"}],"replies":[{"embeddable":true,"href":"http:\/\/laplumedeloiseaulyre.com\/index.php?rest_route=%2Fwp%2Fv2%2Fcomments&post=6760"}],"version-history":[{"count":1,"href":"http:\/\/laplumedeloiseaulyre.com\/index.php?rest_route=\/wp\/v2\/pages\/6760\/revisions"}],"predecessor-version":[{"id":6761,"href":"http:\/\/laplumedeloiseaulyre.com\/index.php?rest_route=\/wp\/v2\/pages\/6760\/revisions\/6761"}],"wp:attachment":[{"href":"http:\/\/laplumedeloiseaulyre.com\/index.php?rest_route=%2Fwp%2Fv2%2Fmedia&parent=6760"}],"curies":[{"name":"wp","href":"https:\/\/api.w.org\/{rel}","templated":true}]}}