{"id":6758,"date":"2018-02-28T15:16:17","date_gmt":"2018-02-28T15:16:17","guid":{"rendered":"http:\/\/laplumedeloiseaulyre.com\/?page_id=6758"},"modified":"2021-07-09T14:27:44","modified_gmt":"2021-07-09T14:27:44","slug":"fenugrec-trigonella-foenum-graecum","status":"publish","type":"page","link":"http:\/\/laplumedeloiseaulyre.com\/?page_id=6758","title":{"rendered":"FENUGREC Trigonella foenum-graecum"},"content":{"rendered":"<p>Fenouil grec ou Fenugrec, doux foin des Antiques,<br \/>\nTu es le g\u00e9om\u00e8tre et prince des triangles,<br \/>\nLe tisanier froissant ses sachets botaniques<br \/>\nDont les hanches r\u00e9gl\u00e9es dodelinent en angles.<\/p>\n","protected":false},"excerpt":{"rendered":"<p>Fenouil grec ou Fenugrec, doux foin des Antiques, Tu es le g\u00e9om\u00e8tre et prince des triangles, Le tisanier froissant ses sachets botaniques Dont les hanches r\u00e9gl\u00e9es dodelinent en angles.<\/p>\n<p class=\"more-link-p\"><a class=\"more-link\" href=\"http:\/\/laplumedeloiseaulyre.com\/?page_id=6758\">Read more &rarr;<\/a><\/p>\n","protected":false},"author":1,"featured_media":0,"parent":0,"menu_order":0,"comment_status":"closed","ping_status":"closed","template":"","meta":{"spay_email":""},"jetpack_shortlink":"https:\/\/wp.me\/P4lzfC-1L0","_links":{"self":[{"href":"http:\/\/laplumedeloiseaulyre.com\/index.php?rest_route=\/wp\/v2\/pages\/6758"}],"collection":[{"href":"http:\/\/laplumedeloiseaulyre.com\/index.php?rest_route=\/wp\/v2\/pages"}],"about":[{"href":"http:\/\/laplumedeloiseaulyre.com\/index.php?rest_route=\/wp\/v2\/types\/page"}],"author":[{"embeddable":true,"href":"http:\/\/laplumedeloiseaulyre.com\/index.php?rest_route=\/wp\/v2\/users\/1"}],"replies":[{"embeddable":true,"href":"http:\/\/laplumedeloiseaulyre.com\/index.php?rest_route=%2Fwp%2Fv2%2Fcomments&post=6758"}],"version-history":[{"count":2,"href":"http:\/\/laplumedeloiseaulyre.com\/index.php?rest_route=\/wp\/v2\/pages\/6758\/revisions"}],"predecessor-version":[{"id":12618,"href":"http:\/\/laplumedeloiseaulyre.com\/index.php?rest_route=\/wp\/v2\/pages\/6758\/revisions\/12618"}],"wp:attachment":[{"href":"http:\/\/laplumedeloiseaulyre.com\/index.php?rest_route=%2Fwp%2Fv2%2Fmedia&parent=6758"}],"curies":[{"name":"wp","href":"https:\/\/api.w.org\/{rel}","templated":true}]}}