{"id":6756,"date":"2018-02-28T15:15:10","date_gmt":"2018-02-28T15:15:10","guid":{"rendered":"http:\/\/laplumedeloiseaulyre.com\/?page_id=6756"},"modified":"2021-04-29T23:28:41","modified_gmt":"2021-04-29T23:28:41","slug":"fenouil-foeniculum-vulgare","status":"publish","type":"page","link":"http:\/\/laplumedeloiseaulyre.com\/?page_id=6756","title":{"rendered":"FENOUIL  Foeniculum vulgare"},"content":{"rendered":"<p>Vers de lointaines \u00eeles parisiennes<br \/>\nCourent belle Atalante et Hippom\u00e8ne,<br \/>\nLa nouvelle Cyth\u00e8re les d\u00e9fie\u00a0:<br \/>\nFenouil sait qui remportera le prix.<\/p>\n","protected":false},"excerpt":{"rendered":"<p>Vers de lointaines \u00eeles parisiennes Courent belle Atalante et Hippom\u00e8ne, La nouvelle Cyth\u00e8re les d\u00e9fie\u00a0: Fenouil sait qui remportera le prix.<\/p>\n<p class=\"more-link-p\"><a class=\"more-link\" href=\"http:\/\/laplumedeloiseaulyre.com\/?page_id=6756\">Read more &rarr;<\/a><\/p>\n","protected":false},"author":1,"featured_media":0,"parent":0,"menu_order":0,"comment_status":"closed","ping_status":"closed","template":"","meta":{"spay_email":""},"jetpack_shortlink":"https:\/\/wp.me\/P4lzfC-1KY","_links":{"self":[{"href":"http:\/\/laplumedeloiseaulyre.com\/index.php?rest_route=\/wp\/v2\/pages\/6756"}],"collection":[{"href":"http:\/\/laplumedeloiseaulyre.com\/index.php?rest_route=\/wp\/v2\/pages"}],"about":[{"href":"http:\/\/laplumedeloiseaulyre.com\/index.php?rest_route=\/wp\/v2\/types\/page"}],"author":[{"embeddable":true,"href":"http:\/\/laplumedeloiseaulyre.com\/index.php?rest_route=\/wp\/v2\/users\/1"}],"replies":[{"embeddable":true,"href":"http:\/\/laplumedeloiseaulyre.com\/index.php?rest_route=%2Fwp%2Fv2%2Fcomments&post=6756"}],"version-history":[{"count":2,"href":"http:\/\/laplumedeloiseaulyre.com\/index.php?rest_route=\/wp\/v2\/pages\/6756\/revisions"}],"predecessor-version":[{"id":12060,"href":"http:\/\/laplumedeloiseaulyre.com\/index.php?rest_route=\/wp\/v2\/pages\/6756\/revisions\/12060"}],"wp:attachment":[{"href":"http:\/\/laplumedeloiseaulyre.com\/index.php?rest_route=%2Fwp%2Fv2%2Fmedia&parent=6756"}],"curies":[{"name":"wp","href":"https:\/\/api.w.org\/{rel}","templated":true}]}}