{"id":6752,"date":"2018-02-28T15:12:55","date_gmt":"2018-02-28T15:12:55","guid":{"rendered":"http:\/\/laplumedeloiseaulyre.com\/?page_id=6752"},"modified":"2018-02-28T15:12:55","modified_gmt":"2018-02-28T15:12:55","slug":"euphorbe-euphorbia-characias","status":"publish","type":"page","link":"http:\/\/laplumedeloiseaulyre.com\/?page_id=6752","title":{"rendered":"EUPHORBE Euphorbia characias"},"content":{"rendered":"<p>\u00d4 morts, vous qui dans la paix reposez,<br \/>\nDemandez pour nous, pauvres \u00e9gar\u00e9s,<br \/>\nQuelques Euphorbes des ravins d\u2019en-haut<br \/>\nS\u2019il est vrai qu\u2019elles sont sans nul d\u00e9faut.<\/p>\n","protected":false},"excerpt":{"rendered":"<p>\u00d4 morts, vous qui dans la paix reposez, Demandez pour nous, pauvres \u00e9gar\u00e9s, Quelques Euphorbes des ravins d\u2019en-haut S\u2019il est vrai qu\u2019elles sont sans nul d\u00e9faut.<\/p>\n<p class=\"more-link-p\"><a class=\"more-link\" href=\"http:\/\/laplumedeloiseaulyre.com\/?page_id=6752\">Read more &rarr;<\/a><\/p>\n","protected":false},"author":1,"featured_media":0,"parent":0,"menu_order":0,"comment_status":"closed","ping_status":"closed","template":"","meta":{"spay_email":""},"jetpack_shortlink":"https:\/\/wp.me\/P4lzfC-1KU","_links":{"self":[{"href":"http:\/\/laplumedeloiseaulyre.com\/index.php?rest_route=\/wp\/v2\/pages\/6752"}],"collection":[{"href":"http:\/\/laplumedeloiseaulyre.com\/index.php?rest_route=\/wp\/v2\/pages"}],"about":[{"href":"http:\/\/laplumedeloiseaulyre.com\/index.php?rest_route=\/wp\/v2\/types\/page"}],"author":[{"embeddable":true,"href":"http:\/\/laplumedeloiseaulyre.com\/index.php?rest_route=\/wp\/v2\/users\/1"}],"replies":[{"embeddable":true,"href":"http:\/\/laplumedeloiseaulyre.com\/index.php?rest_route=%2Fwp%2Fv2%2Fcomments&post=6752"}],"version-history":[{"count":1,"href":"http:\/\/laplumedeloiseaulyre.com\/index.php?rest_route=\/wp\/v2\/pages\/6752\/revisions"}],"predecessor-version":[{"id":6753,"href":"http:\/\/laplumedeloiseaulyre.com\/index.php?rest_route=\/wp\/v2\/pages\/6752\/revisions\/6753"}],"wp:attachment":[{"href":"http:\/\/laplumedeloiseaulyre.com\/index.php?rest_route=%2Fwp%2Fv2%2Fmedia&parent=6752"}],"curies":[{"name":"wp","href":"https:\/\/api.w.org\/{rel}","templated":true}]}}