{"id":6744,"date":"2018-02-28T15:08:50","date_gmt":"2018-02-28T15:08:50","guid":{"rendered":"http:\/\/laplumedeloiseaulyre.com\/?page_id=6744"},"modified":"2018-02-28T15:08:50","modified_gmt":"2018-02-28T15:08:50","slug":"erythrone-dent-de-chien-erythronium-dens-canis","status":"publish","type":"page","link":"http:\/\/laplumedeloiseaulyre.com\/?page_id=6744","title":{"rendered":"\u00c9RYTHRONE DENT DE CHIEN Erythronium dens-canis"},"content":{"rendered":"<p>Ma\u00eetre du paysage tr\u00f4ne l\u2019\u00c9rythrone,<br \/>\nMaire du palais tenant son sceptre d\u2019ail doux,<br \/>\nDe la curiosit\u00e9 l\u2019\u00e9ternel \u00e9pigone,<br \/>\nIl inspecte autour et pour cela tend le cou.<\/p>\n","protected":false},"excerpt":{"rendered":"<p>Ma\u00eetre du paysage tr\u00f4ne l\u2019\u00c9rythrone, Maire du palais tenant son sceptre d\u2019ail doux, De la curiosit\u00e9 l\u2019\u00e9ternel \u00e9pigone, Il inspecte autour et pour cela tend le cou.<\/p>\n<p class=\"more-link-p\"><a class=\"more-link\" href=\"http:\/\/laplumedeloiseaulyre.com\/?page_id=6744\">Read more &rarr;<\/a><\/p>\n","protected":false},"author":1,"featured_media":0,"parent":0,"menu_order":0,"comment_status":"closed","ping_status":"closed","template":"","meta":{"spay_email":""},"jetpack_shortlink":"https:\/\/wp.me\/P4lzfC-1KM","_links":{"self":[{"href":"http:\/\/laplumedeloiseaulyre.com\/index.php?rest_route=\/wp\/v2\/pages\/6744"}],"collection":[{"href":"http:\/\/laplumedeloiseaulyre.com\/index.php?rest_route=\/wp\/v2\/pages"}],"about":[{"href":"http:\/\/laplumedeloiseaulyre.com\/index.php?rest_route=\/wp\/v2\/types\/page"}],"author":[{"embeddable":true,"href":"http:\/\/laplumedeloiseaulyre.com\/index.php?rest_route=\/wp\/v2\/users\/1"}],"replies":[{"embeddable":true,"href":"http:\/\/laplumedeloiseaulyre.com\/index.php?rest_route=%2Fwp%2Fv2%2Fcomments&post=6744"}],"version-history":[{"count":1,"href":"http:\/\/laplumedeloiseaulyre.com\/index.php?rest_route=\/wp\/v2\/pages\/6744\/revisions"}],"predecessor-version":[{"id":6745,"href":"http:\/\/laplumedeloiseaulyre.com\/index.php?rest_route=\/wp\/v2\/pages\/6744\/revisions\/6745"}],"wp:attachment":[{"href":"http:\/\/laplumedeloiseaulyre.com\/index.php?rest_route=%2Fwp%2Fv2%2Fmedia&parent=6744"}],"curies":[{"name":"wp","href":"https:\/\/api.w.org\/{rel}","templated":true}]}}