{"id":6740,"date":"2018-02-28T15:07:00","date_gmt":"2018-02-28T15:07:00","guid":{"rendered":"http:\/\/laplumedeloiseaulyre.com\/?page_id=6740"},"modified":"2021-06-27T13:16:33","modified_gmt":"2021-06-27T13:16:33","slug":"eremurus-eremurus-lactiflorus","status":"publish","type":"page","link":"http:\/\/laplumedeloiseaulyre.com\/?page_id=6740","title":{"rendered":"EREMURUS  Eremurus lactiflorus"},"content":{"rendered":"<p>Nous d\u00e9ambulerions au fond d&rsquo;une roulotte<br \/>\nBariol\u00e9e d\u2019Eremurus un peu \u00e9caill\u00e9s,<br \/>\nCahin-Caha parmi les grands lys \u00e9maill\u00e9s<br \/>\nQui blanchissent les steppes en jeunes cohortes.<\/p>\n","protected":false},"excerpt":{"rendered":"<p>Nous d\u00e9ambulerions au fond d&rsquo;une roulotte Bariol\u00e9e d\u2019Eremurus un peu \u00e9caill\u00e9s, Cahin-Caha parmi les grands lys \u00e9maill\u00e9s Qui blanchissent les steppes en jeunes cohortes.<\/p>\n<p class=\"more-link-p\"><a class=\"more-link\" href=\"http:\/\/laplumedeloiseaulyre.com\/?page_id=6740\">Read more &rarr;<\/a><\/p>\n","protected":false},"author":1,"featured_media":0,"parent":0,"menu_order":0,"comment_status":"closed","ping_status":"closed","template":"","meta":{"spay_email":""},"jetpack_shortlink":"https:\/\/wp.me\/P4lzfC-1KI","_links":{"self":[{"href":"http:\/\/laplumedeloiseaulyre.com\/index.php?rest_route=\/wp\/v2\/pages\/6740"}],"collection":[{"href":"http:\/\/laplumedeloiseaulyre.com\/index.php?rest_route=\/wp\/v2\/pages"}],"about":[{"href":"http:\/\/laplumedeloiseaulyre.com\/index.php?rest_route=\/wp\/v2\/types\/page"}],"author":[{"embeddable":true,"href":"http:\/\/laplumedeloiseaulyre.com\/index.php?rest_route=\/wp\/v2\/users\/1"}],"replies":[{"embeddable":true,"href":"http:\/\/laplumedeloiseaulyre.com\/index.php?rest_route=%2Fwp%2Fv2%2Fcomments&post=6740"}],"version-history":[{"count":2,"href":"http:\/\/laplumedeloiseaulyre.com\/index.php?rest_route=\/wp\/v2\/pages\/6740\/revisions"}],"predecessor-version":[{"id":12396,"href":"http:\/\/laplumedeloiseaulyre.com\/index.php?rest_route=\/wp\/v2\/pages\/6740\/revisions\/12396"}],"wp:attachment":[{"href":"http:\/\/laplumedeloiseaulyre.com\/index.php?rest_route=%2Fwp%2Fv2%2Fmedia&parent=6740"}],"curies":[{"name":"wp","href":"https:\/\/api.w.org\/{rel}","templated":true}]}}