{"id":6738,"date":"2018-02-28T15:05:23","date_gmt":"2018-02-28T15:05:23","guid":{"rendered":"http:\/\/laplumedeloiseaulyre.com\/?page_id=6738"},"modified":"2021-06-27T13:15:41","modified_gmt":"2021-06-27T13:15:41","slug":"eranthe-dhiver-eranthis-hyemalis","status":"publish","type":"page","link":"http:\/\/laplumedeloiseaulyre.com\/?page_id=6738","title":{"rendered":"\u00c9RANTHE D\u2019HIVER Eranthis hyemalis"},"content":{"rendered":"<p>Hell\u00e9bore d&rsquo;hiver qui ne conna\u00eet Prairial<br \/>\nVotre douce cantabile erre au son des lyres<br \/>\nParmi la froidure des obtentions hi\u00e9males.<br \/>\n\u00c9ranthe, \u00c9ranthe qui pourrait vous d\u00e9crire ?<\/p>\n","protected":false},"excerpt":{"rendered":"<p>Hell\u00e9bore d&rsquo;hiver qui ne conna\u00eet Prairial Votre douce cantabile erre au son des lyres Parmi la froidure des obtentions hi\u00e9males. \u00c9ranthe, \u00c9ranthe qui pourrait vous d\u00e9crire ?<\/p>\n<p class=\"more-link-p\"><a class=\"more-link\" href=\"http:\/\/laplumedeloiseaulyre.com\/?page_id=6738\">Read more &rarr;<\/a><\/p>\n","protected":false},"author":1,"featured_media":0,"parent":0,"menu_order":0,"comment_status":"closed","ping_status":"closed","template":"","meta":{"spay_email":""},"jetpack_shortlink":"https:\/\/wp.me\/P4lzfC-1KG","_links":{"self":[{"href":"http:\/\/laplumedeloiseaulyre.com\/index.php?rest_route=\/wp\/v2\/pages\/6738"}],"collection":[{"href":"http:\/\/laplumedeloiseaulyre.com\/index.php?rest_route=\/wp\/v2\/pages"}],"about":[{"href":"http:\/\/laplumedeloiseaulyre.com\/index.php?rest_route=\/wp\/v2\/types\/page"}],"author":[{"embeddable":true,"href":"http:\/\/laplumedeloiseaulyre.com\/index.php?rest_route=\/wp\/v2\/users\/1"}],"replies":[{"embeddable":true,"href":"http:\/\/laplumedeloiseaulyre.com\/index.php?rest_route=%2Fwp%2Fv2%2Fcomments&post=6738"}],"version-history":[{"count":3,"href":"http:\/\/laplumedeloiseaulyre.com\/index.php?rest_route=\/wp\/v2\/pages\/6738\/revisions"}],"predecessor-version":[{"id":12395,"href":"http:\/\/laplumedeloiseaulyre.com\/index.php?rest_route=\/wp\/v2\/pages\/6738\/revisions\/12395"}],"wp:attachment":[{"href":"http:\/\/laplumedeloiseaulyre.com\/index.php?rest_route=%2Fwp%2Fv2%2Fmedia&parent=6738"}],"curies":[{"name":"wp","href":"https:\/\/api.w.org\/{rel}","templated":true}]}}