{"id":6736,"date":"2018-02-28T15:04:03","date_gmt":"2018-02-28T15:04:03","guid":{"rendered":"http:\/\/laplumedeloiseaulyre.com\/?page_id=6736"},"modified":"2021-06-27T13:08:05","modified_gmt":"2021-06-27T13:08:05","slug":"erable-a-sucre-acer-saccharum","status":"publish","type":"page","link":"http:\/\/laplumedeloiseaulyre.com\/?page_id=6736","title":{"rendered":"\u00c9RABLE \u00c0 SUCRE Acer saccharinum"},"content":{"rendered":"<p>Tu fus un vrai signe, bel \u00c9rable<br \/>\nDans ma vie que l\u2019amour tourmentait<br \/>\nEn me montrant de quoi est capable<br \/>\nUn c\u0153ur fid\u00e8le qui se mentait.<\/p>\n","protected":false},"excerpt":{"rendered":"<p>Tu fus un vrai signe, bel \u00c9rable Dans ma vie que l\u2019amour tourmentait En me montrant de quoi est capable Un c\u0153ur fid\u00e8le qui se mentait.<\/p>\n<p class=\"more-link-p\"><a class=\"more-link\" href=\"http:\/\/laplumedeloiseaulyre.com\/?page_id=6736\">Read more &rarr;<\/a><\/p>\n","protected":false},"author":1,"featured_media":0,"parent":0,"menu_order":0,"comment_status":"closed","ping_status":"closed","template":"","meta":{"spay_email":""},"jetpack_shortlink":"https:\/\/wp.me\/P4lzfC-1KE","_links":{"self":[{"href":"http:\/\/laplumedeloiseaulyre.com\/index.php?rest_route=\/wp\/v2\/pages\/6736"}],"collection":[{"href":"http:\/\/laplumedeloiseaulyre.com\/index.php?rest_route=\/wp\/v2\/pages"}],"about":[{"href":"http:\/\/laplumedeloiseaulyre.com\/index.php?rest_route=\/wp\/v2\/types\/page"}],"author":[{"embeddable":true,"href":"http:\/\/laplumedeloiseaulyre.com\/index.php?rest_route=\/wp\/v2\/users\/1"}],"replies":[{"embeddable":true,"href":"http:\/\/laplumedeloiseaulyre.com\/index.php?rest_route=%2Fwp%2Fv2%2Fcomments&post=6736"}],"version-history":[{"count":2,"href":"http:\/\/laplumedeloiseaulyre.com\/index.php?rest_route=\/wp\/v2\/pages\/6736\/revisions"}],"predecessor-version":[{"id":12393,"href":"http:\/\/laplumedeloiseaulyre.com\/index.php?rest_route=\/wp\/v2\/pages\/6736\/revisions\/12393"}],"wp:attachment":[{"href":"http:\/\/laplumedeloiseaulyre.com\/index.php?rest_route=%2Fwp%2Fv2%2Fmedia&parent=6736"}],"curies":[{"name":"wp","href":"https:\/\/api.w.org\/{rel}","templated":true}]}}