{"id":6723,"date":"2018-02-28T14:56:50","date_gmt":"2018-02-28T14:56:50","guid":{"rendered":"http:\/\/laplumedeloiseaulyre.com\/?page_id=6723"},"modified":"2021-06-27T13:06:25","modified_gmt":"2021-06-27T13:06:25","slug":"epeautre-triticum-spelta","status":"publish","type":"page","link":"http:\/\/laplumedeloiseaulyre.com\/?page_id=6723","title":{"rendered":"\u00c9PEAUTRE  Triticum activum subsp. spelta"},"content":{"rendered":"<p>Au chapelet d\u2019\u00c9peautre j&rsquo;ai dict\u00e9 ma peine,<br \/>\nPriant le Seigneur Amour de m&rsquo;absoudre encore,<br \/>\nL&rsquo;implorant de moissonner le sang de mes veines<br \/>\n\u00c0 la faucille d\u2019un silence parlant d&rsquo;or.<\/p>\n","protected":false},"excerpt":{"rendered":"<p>Au chapelet d\u2019\u00c9peautre j&rsquo;ai dict\u00e9 ma peine, Priant le Seigneur Amour de m&rsquo;absoudre encore, L&rsquo;implorant de moissonner le sang de mes veines \u00c0 la faucille d\u2019un silence parlant d&rsquo;or.<\/p>\n<p class=\"more-link-p\"><a class=\"more-link\" href=\"http:\/\/laplumedeloiseaulyre.com\/?page_id=6723\">Read more &rarr;<\/a><\/p>\n","protected":false},"author":1,"featured_media":0,"parent":0,"menu_order":0,"comment_status":"closed","ping_status":"closed","template":"","meta":{"spay_email":""},"jetpack_shortlink":"https:\/\/wp.me\/P4lzfC-1Kr","_links":{"self":[{"href":"http:\/\/laplumedeloiseaulyre.com\/index.php?rest_route=\/wp\/v2\/pages\/6723"}],"collection":[{"href":"http:\/\/laplumedeloiseaulyre.com\/index.php?rest_route=\/wp\/v2\/pages"}],"about":[{"href":"http:\/\/laplumedeloiseaulyre.com\/index.php?rest_route=\/wp\/v2\/types\/page"}],"author":[{"embeddable":true,"href":"http:\/\/laplumedeloiseaulyre.com\/index.php?rest_route=\/wp\/v2\/users\/1"}],"replies":[{"embeddable":true,"href":"http:\/\/laplumedeloiseaulyre.com\/index.php?rest_route=%2Fwp%2Fv2%2Fcomments&post=6723"}],"version-history":[{"count":2,"href":"http:\/\/laplumedeloiseaulyre.com\/index.php?rest_route=\/wp\/v2\/pages\/6723\/revisions"}],"predecessor-version":[{"id":12391,"href":"http:\/\/laplumedeloiseaulyre.com\/index.php?rest_route=\/wp\/v2\/pages\/6723\/revisions\/12391"}],"wp:attachment":[{"href":"http:\/\/laplumedeloiseaulyre.com\/index.php?rest_route=%2Fwp%2Fv2%2Fmedia&parent=6723"}],"curies":[{"name":"wp","href":"https:\/\/api.w.org\/{rel}","templated":true}]}}