{"id":6720,"date":"2018-02-28T14:56:00","date_gmt":"2018-02-28T14:56:00","guid":{"rendered":"http:\/\/laplumedeloiseaulyre.com\/?page_id=6720"},"modified":"2021-07-28T22:31:54","modified_gmt":"2021-07-28T22:31:54","slug":"eglantine-rosa-canina","status":"publish","type":"page","link":"http:\/\/laplumedeloiseaulyre.com\/?page_id=6720","title":{"rendered":"\u00c9GLANTINE Rosa canina"},"content":{"rendered":"<p>En alambic rose donne hydrolat,<br \/>\nEn sablier le temps en grains s&rsquo;affine,<br \/>\nEn ruche pollen s&rsquo;unit \u00e0 miellat,<br \/>\nEn bourgeons coup\u00e9s s&rsquo;\u00e9ploie l&rsquo;\u00c9glantine.<\/p>\n","protected":false},"excerpt":{"rendered":"<p>En alambic rose donne hydrolat, En sablier le temps en grains s&rsquo;affine, En ruche pollen s&rsquo;unit \u00e0 miellat, En bourgeons coup\u00e9s s&rsquo;\u00e9ploie l&rsquo;\u00c9glantine.<\/p>\n<p class=\"more-link-p\"><a class=\"more-link\" href=\"http:\/\/laplumedeloiseaulyre.com\/?page_id=6720\">Read more &rarr;<\/a><\/p>\n","protected":false},"author":1,"featured_media":0,"parent":0,"menu_order":0,"comment_status":"closed","ping_status":"closed","template":"","meta":{"spay_email":""},"jetpack_shortlink":"https:\/\/wp.me\/P4lzfC-1Ko","_links":{"self":[{"href":"http:\/\/laplumedeloiseaulyre.com\/index.php?rest_route=\/wp\/v2\/pages\/6720"}],"collection":[{"href":"http:\/\/laplumedeloiseaulyre.com\/index.php?rest_route=\/wp\/v2\/pages"}],"about":[{"href":"http:\/\/laplumedeloiseaulyre.com\/index.php?rest_route=\/wp\/v2\/types\/page"}],"author":[{"embeddable":true,"href":"http:\/\/laplumedeloiseaulyre.com\/index.php?rest_route=\/wp\/v2\/users\/1"}],"replies":[{"embeddable":true,"href":"http:\/\/laplumedeloiseaulyre.com\/index.php?rest_route=%2Fwp%2Fv2%2Fcomments&post=6720"}],"version-history":[{"count":3,"href":"http:\/\/laplumedeloiseaulyre.com\/index.php?rest_route=\/wp\/v2\/pages\/6720\/revisions"}],"predecessor-version":[{"id":12965,"href":"http:\/\/laplumedeloiseaulyre.com\/index.php?rest_route=\/wp\/v2\/pages\/6720\/revisions\/12965"}],"wp:attachment":[{"href":"http:\/\/laplumedeloiseaulyre.com\/index.php?rest_route=%2Fwp%2Fv2%2Fmedia&parent=6720"}],"curies":[{"name":"wp","href":"https:\/\/api.w.org\/{rel}","templated":true}]}}