{"id":6713,"date":"2018-02-28T14:51:58","date_gmt":"2018-02-28T14:51:58","guid":{"rendered":"http:\/\/laplumedeloiseaulyre.com\/?page_id=6713"},"modified":"2018-02-28T14:51:58","modified_gmt":"2018-02-28T14:51:58","slug":"echalote-allium-cepa-var-aggregatum","status":"publish","type":"page","link":"http:\/\/laplumedeloiseaulyre.com\/?page_id=6713","title":{"rendered":"\u00c9CHALOTE Allium cepa var. aggregatum"},"content":{"rendered":"<p>Au Bouillon-Racine on s\u2019amuse d\u2019\u00c9chalote,<br \/>\nOn lui pr\u00e9pare un lit de porcelaine orn\u00e9e,<br \/>\nOn la reborde avec des cro\u00fbtons d\u2019oreillers<br \/>\nPour mieux l\u2019avaler d\u2019une cuill\u00e8re despote. <\/p>\n","protected":false},"excerpt":{"rendered":"<p>Au Bouillon-Racine on s\u2019amuse d\u2019\u00c9chalote, On lui pr\u00e9pare un lit de porcelaine orn\u00e9e, On la reborde avec des cro\u00fbtons d\u2019oreillers Pour mieux l\u2019avaler d\u2019une cuill\u00e8re despote.<\/p>\n<p class=\"more-link-p\"><a class=\"more-link\" href=\"http:\/\/laplumedeloiseaulyre.com\/?page_id=6713\">Read more &rarr;<\/a><\/p>\n","protected":false},"author":1,"featured_media":0,"parent":0,"menu_order":0,"comment_status":"closed","ping_status":"closed","template":"","meta":{"spay_email":""},"jetpack_shortlink":"https:\/\/wp.me\/P4lzfC-1Kh","_links":{"self":[{"href":"http:\/\/laplumedeloiseaulyre.com\/index.php?rest_route=\/wp\/v2\/pages\/6713"}],"collection":[{"href":"http:\/\/laplumedeloiseaulyre.com\/index.php?rest_route=\/wp\/v2\/pages"}],"about":[{"href":"http:\/\/laplumedeloiseaulyre.com\/index.php?rest_route=\/wp\/v2\/types\/page"}],"author":[{"embeddable":true,"href":"http:\/\/laplumedeloiseaulyre.com\/index.php?rest_route=\/wp\/v2\/users\/1"}],"replies":[{"embeddable":true,"href":"http:\/\/laplumedeloiseaulyre.com\/index.php?rest_route=%2Fwp%2Fv2%2Fcomments&post=6713"}],"version-history":[{"count":1,"href":"http:\/\/laplumedeloiseaulyre.com\/index.php?rest_route=\/wp\/v2\/pages\/6713\/revisions"}],"predecessor-version":[{"id":6714,"href":"http:\/\/laplumedeloiseaulyre.com\/index.php?rest_route=\/wp\/v2\/pages\/6713\/revisions\/6714"}],"wp:attachment":[{"href":"http:\/\/laplumedeloiseaulyre.com\/index.php?rest_route=%2Fwp%2Fv2%2Fmedia&parent=6713"}],"curies":[{"name":"wp","href":"https:\/\/api.w.org\/{rel}","templated":true}]}}