{"id":6705,"date":"2018-02-28T14:48:48","date_gmt":"2018-02-28T14:48:48","guid":{"rendered":"http:\/\/laplumedeloiseaulyre.com\/?page_id=6705"},"modified":"2021-04-29T22:52:05","modified_gmt":"2021-04-29T22:52:05","slug":"dorine-chrysosplenium-alternifolium","status":"publish","type":"page","link":"http:\/\/laplumedeloiseaulyre.com\/?page_id=6705","title":{"rendered":"DORINE Chrysosplenium alternifolium"},"content":{"rendered":"<p>C\u00f4t\u00e9 cour ou c\u00f4t\u00e9 jardin, selon les vers,<br \/>\nDorine fait un semis de syllabes d\u2019or,<br \/>\nSoubrette de coulisses, servante sans tort,<br \/>\nElle donne la r\u00e9plique \u00e0 Monsieur Moli\u00e8re.<\/p>\n","protected":false},"excerpt":{"rendered":"<p>C\u00f4t\u00e9 cour ou c\u00f4t\u00e9 jardin, selon les vers, Dorine fait un semis de syllabes d\u2019or, Soubrette de coulisses, servante sans tort, Elle donne la r\u00e9plique \u00e0 Monsieur Moli\u00e8re.<\/p>\n<p class=\"more-link-p\"><a class=\"more-link\" href=\"http:\/\/laplumedeloiseaulyre.com\/?page_id=6705\">Read more &rarr;<\/a><\/p>\n","protected":false},"author":1,"featured_media":0,"parent":0,"menu_order":0,"comment_status":"closed","ping_status":"closed","template":"","meta":{"spay_email":""},"jetpack_shortlink":"https:\/\/wp.me\/P4lzfC-1K9","_links":{"self":[{"href":"http:\/\/laplumedeloiseaulyre.com\/index.php?rest_route=\/wp\/v2\/pages\/6705"}],"collection":[{"href":"http:\/\/laplumedeloiseaulyre.com\/index.php?rest_route=\/wp\/v2\/pages"}],"about":[{"href":"http:\/\/laplumedeloiseaulyre.com\/index.php?rest_route=\/wp\/v2\/types\/page"}],"author":[{"embeddable":true,"href":"http:\/\/laplumedeloiseaulyre.com\/index.php?rest_route=\/wp\/v2\/users\/1"}],"replies":[{"embeddable":true,"href":"http:\/\/laplumedeloiseaulyre.com\/index.php?rest_route=%2Fwp%2Fv2%2Fcomments&post=6705"}],"version-history":[{"count":2,"href":"http:\/\/laplumedeloiseaulyre.com\/index.php?rest_route=\/wp\/v2\/pages\/6705\/revisions"}],"predecessor-version":[{"id":12054,"href":"http:\/\/laplumedeloiseaulyre.com\/index.php?rest_route=\/wp\/v2\/pages\/6705\/revisions\/12054"}],"wp:attachment":[{"href":"http:\/\/laplumedeloiseaulyre.com\/index.php?rest_route=%2Fwp%2Fv2%2Fmedia&parent=6705"}],"curies":[{"name":"wp","href":"https:\/\/api.w.org\/{rel}","templated":true}]}}