{"id":6703,"date":"2018-02-28T14:47:52","date_gmt":"2018-02-28T14:47:52","guid":{"rendered":"http:\/\/laplumedeloiseaulyre.com\/?page_id=6703"},"modified":"2018-02-28T14:47:52","modified_gmt":"2018-02-28T14:47:52","slug":"dionee-dionaea-muscipula","status":"publish","type":"page","link":"http:\/\/laplumedeloiseaulyre.com\/?page_id=6703","title":{"rendered":"DION\u00c9E  Dionaea muscipula"},"content":{"rendered":"<p>Si Diog\u00e8ne les avait connues<br \/>\nIl aurait fustig\u00e9 les Dion\u00e9es,<br \/>\nRoulant son tonneau d\u2019opini\u00e2tret\u00e9<br \/>\nSur ces carnivores bien malvenues.<\/p>\n","protected":false},"excerpt":{"rendered":"<p>Si Diog\u00e8ne les avait connues Il aurait fustig\u00e9 les Dion\u00e9es, Roulant son tonneau d\u2019opini\u00e2tret\u00e9 Sur ces carnivores bien malvenues.<\/p>\n<p class=\"more-link-p\"><a class=\"more-link\" href=\"http:\/\/laplumedeloiseaulyre.com\/?page_id=6703\">Read more &rarr;<\/a><\/p>\n","protected":false},"author":1,"featured_media":0,"parent":0,"menu_order":0,"comment_status":"closed","ping_status":"closed","template":"","meta":{"spay_email":""},"jetpack_shortlink":"https:\/\/wp.me\/P4lzfC-1K7","_links":{"self":[{"href":"http:\/\/laplumedeloiseaulyre.com\/index.php?rest_route=\/wp\/v2\/pages\/6703"}],"collection":[{"href":"http:\/\/laplumedeloiseaulyre.com\/index.php?rest_route=\/wp\/v2\/pages"}],"about":[{"href":"http:\/\/laplumedeloiseaulyre.com\/index.php?rest_route=\/wp\/v2\/types\/page"}],"author":[{"embeddable":true,"href":"http:\/\/laplumedeloiseaulyre.com\/index.php?rest_route=\/wp\/v2\/users\/1"}],"replies":[{"embeddable":true,"href":"http:\/\/laplumedeloiseaulyre.com\/index.php?rest_route=%2Fwp%2Fv2%2Fcomments&post=6703"}],"version-history":[{"count":1,"href":"http:\/\/laplumedeloiseaulyre.com\/index.php?rest_route=\/wp\/v2\/pages\/6703\/revisions"}],"predecessor-version":[{"id":6704,"href":"http:\/\/laplumedeloiseaulyre.com\/index.php?rest_route=\/wp\/v2\/pages\/6703\/revisions\/6704"}],"wp:attachment":[{"href":"http:\/\/laplumedeloiseaulyre.com\/index.php?rest_route=%2Fwp%2Fv2%2Fmedia&parent=6703"}],"curies":[{"name":"wp","href":"https:\/\/api.w.org\/{rel}","templated":true}]}}