{"id":6699,"date":"2018-02-28T14:45:56","date_gmt":"2018-02-28T14:45:56","guid":{"rendered":"http:\/\/laplumedeloiseaulyre.com\/?page_id=6699"},"modified":"2018-02-28T14:47:09","modified_gmt":"2018-02-28T14:47:09","slug":"digitale-pourpre-digitalis-purpurea","status":"publish","type":"page","link":"http:\/\/laplumedeloiseaulyre.com\/?page_id=6699","title":{"rendered":"DIGITALE POURPRE Digitalis purpurea"},"content":{"rendered":"<p>La Digitale enfile ses gants de berg\u00e8re<br \/>\nPour mener son troupeau rub\u00e9fi\u00e9 de corolles,<br \/>\nDans les sauts-de-loups elle paresse et se colle :<br \/>\n\u00ab Ha-ha !\u00bb s\u2019esclaffe-t-elle face aux scutig\u00e8res.<\/p>\n","protected":false},"excerpt":{"rendered":"<p>La Digitale enfile ses gants de berg\u00e8re Pour mener son troupeau rub\u00e9fi\u00e9 de corolles, Dans les sauts-de-loups elle paresse et se colle : \u00ab Ha-ha !\u00bb s\u2019esclaffe-t-elle face aux scutig\u00e8res.<\/p>\n<p class=\"more-link-p\"><a class=\"more-link\" href=\"http:\/\/laplumedeloiseaulyre.com\/?page_id=6699\">Read more &rarr;<\/a><\/p>\n","protected":false},"author":1,"featured_media":0,"parent":0,"menu_order":0,"comment_status":"closed","ping_status":"closed","template":"","meta":{"spay_email":""},"jetpack_shortlink":"https:\/\/wp.me\/P4lzfC-1K3","_links":{"self":[{"href":"http:\/\/laplumedeloiseaulyre.com\/index.php?rest_route=\/wp\/v2\/pages\/6699"}],"collection":[{"href":"http:\/\/laplumedeloiseaulyre.com\/index.php?rest_route=\/wp\/v2\/pages"}],"about":[{"href":"http:\/\/laplumedeloiseaulyre.com\/index.php?rest_route=\/wp\/v2\/types\/page"}],"author":[{"embeddable":true,"href":"http:\/\/laplumedeloiseaulyre.com\/index.php?rest_route=\/wp\/v2\/users\/1"}],"replies":[{"embeddable":true,"href":"http:\/\/laplumedeloiseaulyre.com\/index.php?rest_route=%2Fwp%2Fv2%2Fcomments&post=6699"}],"version-history":[{"count":2,"href":"http:\/\/laplumedeloiseaulyre.com\/index.php?rest_route=\/wp\/v2\/pages\/6699\/revisions"}],"predecessor-version":[{"id":6702,"href":"http:\/\/laplumedeloiseaulyre.com\/index.php?rest_route=\/wp\/v2\/pages\/6699\/revisions\/6702"}],"wp:attachment":[{"href":"http:\/\/laplumedeloiseaulyre.com\/index.php?rest_route=%2Fwp%2Fv2%2Fmedia&parent=6699"}],"curies":[{"name":"wp","href":"https:\/\/api.w.org\/{rel}","templated":true}]}}