{"id":6668,"date":"2018-02-27T21:53:21","date_gmt":"2018-02-27T21:53:21","guid":{"rendered":"http:\/\/laplumedeloiseaulyre.com\/?page_id=6668"},"modified":"2021-07-01T19:47:07","modified_gmt":"2021-07-01T19:47:07","slug":"cypre-evernia-prunastri","status":"publish","type":"page","link":"http:\/\/laplumedeloiseaulyre.com\/?page_id=6668","title":{"rendered":"CYPRE Evernia prunastri"},"content":{"rendered":"<p>Clio s\u2019avan\u00e7ait vers le printemps d&rsquo;or<br \/>\nL&rsquo;aigle volait vers l&rsquo;hiver argent\u00e9<br \/>\nAyant c\u00f4te \u00e0 c\u00f4te suivi l&rsquo;\u00e9t\u00e9<br \/>\nCypre d\u2019automne s\u00e9para leurs sorts<\/p>\n","protected":false},"excerpt":{"rendered":"<p>Clio s\u2019avan\u00e7ait vers le printemps d&rsquo;or L&rsquo;aigle volait vers l&rsquo;hiver argent\u00e9 Ayant c\u00f4te \u00e0 c\u00f4te suivi l&rsquo;\u00e9t\u00e9 Cypre d\u2019automne s\u00e9para leurs sorts<\/p>\n<p class=\"more-link-p\"><a class=\"more-link\" href=\"http:\/\/laplumedeloiseaulyre.com\/?page_id=6668\">Read more &rarr;<\/a><\/p>\n","protected":false},"author":1,"featured_media":0,"parent":0,"menu_order":0,"comment_status":"closed","ping_status":"closed","template":"","meta":{"spay_email":""},"jetpack_shortlink":"https:\/\/wp.me\/P4lzfC-1Jy","_links":{"self":[{"href":"http:\/\/laplumedeloiseaulyre.com\/index.php?rest_route=\/wp\/v2\/pages\/6668"}],"collection":[{"href":"http:\/\/laplumedeloiseaulyre.com\/index.php?rest_route=\/wp\/v2\/pages"}],"about":[{"href":"http:\/\/laplumedeloiseaulyre.com\/index.php?rest_route=\/wp\/v2\/types\/page"}],"author":[{"embeddable":true,"href":"http:\/\/laplumedeloiseaulyre.com\/index.php?rest_route=\/wp\/v2\/users\/1"}],"replies":[{"embeddable":true,"href":"http:\/\/laplumedeloiseaulyre.com\/index.php?rest_route=%2Fwp%2Fv2%2Fcomments&post=6668"}],"version-history":[{"count":6,"href":"http:\/\/laplumedeloiseaulyre.com\/index.php?rest_route=\/wp\/v2\/pages\/6668\/revisions"}],"predecessor-version":[{"id":12452,"href":"http:\/\/laplumedeloiseaulyre.com\/index.php?rest_route=\/wp\/v2\/pages\/6668\/revisions\/12452"}],"wp:attachment":[{"href":"http:\/\/laplumedeloiseaulyre.com\/index.php?rest_route=%2Fwp%2Fv2%2Fmedia&parent=6668"}],"curies":[{"name":"wp","href":"https:\/\/api.w.org\/{rel}","templated":true}]}}