{"id":6663,"date":"2018-02-27T21:51:32","date_gmt":"2018-02-27T21:51:32","guid":{"rendered":"http:\/\/laplumedeloiseaulyre.com\/?page_id=6663"},"modified":"2018-02-27T21:51:32","modified_gmt":"2018-02-27T21:51:32","slug":"cyclamen-cyclamen-hederifolium","status":"publish","type":"page","link":"http:\/\/laplumedeloiseaulyre.com\/?page_id=6663","title":{"rendered":"CYCLAMEN Cyclamen hederifolium"},"content":{"rendered":"<p>Viendra-t-il l\u2019\u00e2ge m\u00fbr au bois violet ?<br \/>\nViendra-t-il cet inaccessible hymen<br \/>\nComme on surprend premi\u00e8re Cyclamen<br \/>\nD\u2019une vie possible qu\u2019on ignorait ?<\/p>\n","protected":false},"excerpt":{"rendered":"<p>Viendra-t-il l\u2019\u00e2ge m\u00fbr au bois violet ? Viendra-t-il cet inaccessible hymen Comme on surprend premi\u00e8re Cyclamen D\u2019une vie possible qu\u2019on ignorait ?<\/p>\n<p class=\"more-link-p\"><a class=\"more-link\" href=\"http:\/\/laplumedeloiseaulyre.com\/?page_id=6663\">Read more &rarr;<\/a><\/p>\n","protected":false},"author":1,"featured_media":0,"parent":0,"menu_order":0,"comment_status":"closed","ping_status":"closed","template":"","meta":{"spay_email":""},"jetpack_shortlink":"https:\/\/wp.me\/P4lzfC-1Jt","_links":{"self":[{"href":"http:\/\/laplumedeloiseaulyre.com\/index.php?rest_route=\/wp\/v2\/pages\/6663"}],"collection":[{"href":"http:\/\/laplumedeloiseaulyre.com\/index.php?rest_route=\/wp\/v2\/pages"}],"about":[{"href":"http:\/\/laplumedeloiseaulyre.com\/index.php?rest_route=\/wp\/v2\/types\/page"}],"author":[{"embeddable":true,"href":"http:\/\/laplumedeloiseaulyre.com\/index.php?rest_route=\/wp\/v2\/users\/1"}],"replies":[{"embeddable":true,"href":"http:\/\/laplumedeloiseaulyre.com\/index.php?rest_route=%2Fwp%2Fv2%2Fcomments&post=6663"}],"version-history":[{"count":1,"href":"http:\/\/laplumedeloiseaulyre.com\/index.php?rest_route=\/wp\/v2\/pages\/6663\/revisions"}],"predecessor-version":[{"id":6664,"href":"http:\/\/laplumedeloiseaulyre.com\/index.php?rest_route=\/wp\/v2\/pages\/6663\/revisions\/6664"}],"wp:attachment":[{"href":"http:\/\/laplumedeloiseaulyre.com\/index.php?rest_route=%2Fwp%2Fv2%2Fmedia&parent=6663"}],"curies":[{"name":"wp","href":"https:\/\/api.w.org\/{rel}","templated":true}]}}