{"id":6659,"date":"2018-02-27T21:50:12","date_gmt":"2018-02-27T21:50:12","guid":{"rendered":"http:\/\/laplumedeloiseaulyre.com\/?page_id=6659"},"modified":"2018-02-27T21:50:12","modified_gmt":"2018-02-27T21:50:12","slug":"cumin-cuminum-cyminum","status":"publish","type":"page","link":"http:\/\/laplumedeloiseaulyre.com\/?page_id=6659","title":{"rendered":"CUMIN  Cuminum cyminum"},"content":{"rendered":"<p>Graine d\u2019\u00e9cume, monnaie de la d\u00eeme,<br \/>\nLe Cumin fait un geste commercial<br \/>\nEn offrant son Gouda m\u00e9ridional<br \/>\nAux \u00e9l\u00e9gantes d\u2019Edam en bas Dim.<\/p>\n","protected":false},"excerpt":{"rendered":"<p>Graine d\u2019\u00e9cume, monnaie de la d\u00eeme, Le Cumin fait un geste commercial En offrant son Gouda m\u00e9ridional Aux \u00e9l\u00e9gantes d\u2019Edam en bas Dim.<\/p>\n<p class=\"more-link-p\"><a class=\"more-link\" href=\"http:\/\/laplumedeloiseaulyre.com\/?page_id=6659\">Read more &rarr;<\/a><\/p>\n","protected":false},"author":1,"featured_media":0,"parent":0,"menu_order":0,"comment_status":"closed","ping_status":"closed","template":"","meta":{"spay_email":""},"jetpack_shortlink":"https:\/\/wp.me\/P4lzfC-1Jp","_links":{"self":[{"href":"http:\/\/laplumedeloiseaulyre.com\/index.php?rest_route=\/wp\/v2\/pages\/6659"}],"collection":[{"href":"http:\/\/laplumedeloiseaulyre.com\/index.php?rest_route=\/wp\/v2\/pages"}],"about":[{"href":"http:\/\/laplumedeloiseaulyre.com\/index.php?rest_route=\/wp\/v2\/types\/page"}],"author":[{"embeddable":true,"href":"http:\/\/laplumedeloiseaulyre.com\/index.php?rest_route=\/wp\/v2\/users\/1"}],"replies":[{"embeddable":true,"href":"http:\/\/laplumedeloiseaulyre.com\/index.php?rest_route=%2Fwp%2Fv2%2Fcomments&post=6659"}],"version-history":[{"count":1,"href":"http:\/\/laplumedeloiseaulyre.com\/index.php?rest_route=\/wp\/v2\/pages\/6659\/revisions"}],"predecessor-version":[{"id":6660,"href":"http:\/\/laplumedeloiseaulyre.com\/index.php?rest_route=\/wp\/v2\/pages\/6659\/revisions\/6660"}],"wp:attachment":[{"href":"http:\/\/laplumedeloiseaulyre.com\/index.php?rest_route=%2Fwp%2Fv2%2Fmedia&parent=6659"}],"curies":[{"name":"wp","href":"https:\/\/api.w.org\/{rel}","templated":true}]}}