{"id":6650,"date":"2018-02-27T21:46:31","date_gmt":"2018-02-27T21:46:31","guid":{"rendered":"http:\/\/laplumedeloiseaulyre.com\/?page_id=6650"},"modified":"2018-02-27T21:46:31","modified_gmt":"2018-02-27T21:46:31","slug":"couronne-imperiale-fritillaire-fritillaria-imperialis","status":"publish","type":"page","link":"http:\/\/laplumedeloiseaulyre.com\/?page_id=6650","title":{"rendered":"COURONNE IMP\u00c9RIALE-FRITILLAIRE Fritillaria imperialis"},"content":{"rendered":"<p>Si vivace et glorieuse en son essor<br \/>\nLa Couronne Imp\u00e9riale byzantine<br \/>\nEst ma\u00eetresse-fleur et femme augustine<br \/>\nRedress\u00e9e comme une euphonie d&rsquo;aurores.<\/p>\n","protected":false},"excerpt":{"rendered":"<p>Si vivace et glorieuse en son essor La Couronne Imp\u00e9riale byzantine Est ma\u00eetresse-fleur et femme augustine Redress\u00e9e comme une euphonie d&rsquo;aurores.<\/p>\n<p class=\"more-link-p\"><a class=\"more-link\" href=\"http:\/\/laplumedeloiseaulyre.com\/?page_id=6650\">Read more &rarr;<\/a><\/p>\n","protected":false},"author":1,"featured_media":0,"parent":0,"menu_order":0,"comment_status":"closed","ping_status":"closed","template":"","meta":{"spay_email":""},"jetpack_shortlink":"https:\/\/wp.me\/P4lzfC-1Jg","_links":{"self":[{"href":"http:\/\/laplumedeloiseaulyre.com\/index.php?rest_route=\/wp\/v2\/pages\/6650"}],"collection":[{"href":"http:\/\/laplumedeloiseaulyre.com\/index.php?rest_route=\/wp\/v2\/pages"}],"about":[{"href":"http:\/\/laplumedeloiseaulyre.com\/index.php?rest_route=\/wp\/v2\/types\/page"}],"author":[{"embeddable":true,"href":"http:\/\/laplumedeloiseaulyre.com\/index.php?rest_route=\/wp\/v2\/users\/1"}],"replies":[{"embeddable":true,"href":"http:\/\/laplumedeloiseaulyre.com\/index.php?rest_route=%2Fwp%2Fv2%2Fcomments&post=6650"}],"version-history":[{"count":1,"href":"http:\/\/laplumedeloiseaulyre.com\/index.php?rest_route=\/wp\/v2\/pages\/6650\/revisions"}],"predecessor-version":[{"id":6651,"href":"http:\/\/laplumedeloiseaulyre.com\/index.php?rest_route=\/wp\/v2\/pages\/6650\/revisions\/6651"}],"wp:attachment":[{"href":"http:\/\/laplumedeloiseaulyre.com\/index.php?rest_route=%2Fwp%2Fv2%2Fmedia&parent=6650"}],"curies":[{"name":"wp","href":"https:\/\/api.w.org\/{rel}","templated":true}]}}