{"id":6646,"date":"2018-02-27T21:44:29","date_gmt":"2018-02-27T21:44:29","guid":{"rendered":"http:\/\/laplumedeloiseaulyre.com\/?page_id=6646"},"modified":"2021-04-29T22:42:21","modified_gmt":"2021-04-29T22:42:21","slug":"coudrier-corylus-avellana","status":"publish","type":"page","link":"http:\/\/laplumedeloiseaulyre.com\/?page_id=6646","title":{"rendered":"COUDRIER  Corylus avellana"},"content":{"rendered":"<p>Le chemin qui menait au Coudrier<br \/>\nM\u2019\u00e9gara au lieu de m\u2019y r\u00e9fugier\u00a0:<br \/>\nQu\u2019ont \u00e0 m\u2019envier H\u00e9lo\u00efse, Oph\u00e9lie ?<br \/>\nQu\u2019ont \u00e0 m\u2019envier les Juliette et D\u00e9lie\u00a0?<\/p>\n","protected":false},"excerpt":{"rendered":"<p>Le chemin qui menait au Coudrier M\u2019\u00e9gara au lieu de m\u2019y r\u00e9fugier\u00a0: Qu\u2019ont \u00e0 m\u2019envier H\u00e9lo\u00efse, Oph\u00e9lie ? Qu\u2019ont \u00e0 m\u2019envier les Juliette et D\u00e9lie\u00a0?<\/p>\n<p class=\"more-link-p\"><a class=\"more-link\" href=\"http:\/\/laplumedeloiseaulyre.com\/?page_id=6646\">Read more &rarr;<\/a><\/p>\n","protected":false},"author":1,"featured_media":0,"parent":0,"menu_order":0,"comment_status":"closed","ping_status":"closed","template":"","meta":{"spay_email":""},"jetpack_shortlink":"https:\/\/wp.me\/P4lzfC-1Jc","_links":{"self":[{"href":"http:\/\/laplumedeloiseaulyre.com\/index.php?rest_route=\/wp\/v2\/pages\/6646"}],"collection":[{"href":"http:\/\/laplumedeloiseaulyre.com\/index.php?rest_route=\/wp\/v2\/pages"}],"about":[{"href":"http:\/\/laplumedeloiseaulyre.com\/index.php?rest_route=\/wp\/v2\/types\/page"}],"author":[{"embeddable":true,"href":"http:\/\/laplumedeloiseaulyre.com\/index.php?rest_route=\/wp\/v2\/users\/1"}],"replies":[{"embeddable":true,"href":"http:\/\/laplumedeloiseaulyre.com\/index.php?rest_route=%2Fwp%2Fv2%2Fcomments&post=6646"}],"version-history":[{"count":2,"href":"http:\/\/laplumedeloiseaulyre.com\/index.php?rest_route=\/wp\/v2\/pages\/6646\/revisions"}],"predecessor-version":[{"id":12045,"href":"http:\/\/laplumedeloiseaulyre.com\/index.php?rest_route=\/wp\/v2\/pages\/6646\/revisions\/12045"}],"wp:attachment":[{"href":"http:\/\/laplumedeloiseaulyre.com\/index.php?rest_route=%2Fwp%2Fv2%2Fmedia&parent=6646"}],"curies":[{"name":"wp","href":"https:\/\/api.w.org\/{rel}","templated":true}]}}