{"id":6636,"date":"2018-02-27T17:12:23","date_gmt":"2018-02-27T17:12:23","guid":{"rendered":"http:\/\/laplumedeloiseaulyre.com\/?page_id=6636"},"modified":"2021-06-27T12:13:29","modified_gmt":"2021-06-27T12:13:29","slug":"cornouiller-cornus-mas","status":"publish","type":"page","link":"http:\/\/laplumedeloiseaulyre.com\/?page_id=6636","title":{"rendered":"CORNOUILLER SAUVAGE Cornus mas"},"content":{"rendered":"<p>Quand je songe en moi-m\u00eame au corps du Cornouiller<br \/>\nJe reste interdite et ne sais quelle vanni\u00e8re,<br \/>\nQuelle devineresse en son bois enchant\u00e9<br \/>\nCisela son tressage d\u2019une main de m\u00e8re.<\/p>\n","protected":false},"excerpt":{"rendered":"<p>Quand je songe en moi-m\u00eame au corps du Cornouiller Je reste interdite et ne sais quelle vanni\u00e8re, Quelle devineresse en son bois enchant\u00e9 Cisela son tressage d\u2019une main de m\u00e8re.<\/p>\n<p class=\"more-link-p\"><a class=\"more-link\" href=\"http:\/\/laplumedeloiseaulyre.com\/?page_id=6636\">Read more &rarr;<\/a><\/p>\n","protected":false},"author":1,"featured_media":0,"parent":0,"menu_order":0,"comment_status":"closed","ping_status":"closed","template":"","meta":{"spay_email":""},"jetpack_shortlink":"https:\/\/wp.me\/P4lzfC-1J2","_links":{"self":[{"href":"http:\/\/laplumedeloiseaulyre.com\/index.php?rest_route=\/wp\/v2\/pages\/6636"}],"collection":[{"href":"http:\/\/laplumedeloiseaulyre.com\/index.php?rest_route=\/wp\/v2\/pages"}],"about":[{"href":"http:\/\/laplumedeloiseaulyre.com\/index.php?rest_route=\/wp\/v2\/types\/page"}],"author":[{"embeddable":true,"href":"http:\/\/laplumedeloiseaulyre.com\/index.php?rest_route=\/wp\/v2\/users\/1"}],"replies":[{"embeddable":true,"href":"http:\/\/laplumedeloiseaulyre.com\/index.php?rest_route=%2Fwp%2Fv2%2Fcomments&post=6636"}],"version-history":[{"count":2,"href":"http:\/\/laplumedeloiseaulyre.com\/index.php?rest_route=\/wp\/v2\/pages\/6636\/revisions"}],"predecessor-version":[{"id":12375,"href":"http:\/\/laplumedeloiseaulyre.com\/index.php?rest_route=\/wp\/v2\/pages\/6636\/revisions\/12375"}],"wp:attachment":[{"href":"http:\/\/laplumedeloiseaulyre.com\/index.php?rest_route=%2Fwp%2Fv2%2Fmedia&parent=6636"}],"curies":[{"name":"wp","href":"https:\/\/api.w.org\/{rel}","templated":true}]}}